{"id":4650,"date":"2016-02-15T13:08:37","date_gmt":"2016-02-15T13:08:37","guid":{"rendered":"https:\/\/www.romebysegway.com\/welcome-to-rome-by-segway\/?lang=de"},"modified":"2016-05-02T01:47:05","modified_gmt":"2016-05-02T01:47:05","slug":"wilkommen-bei-rome-by-segway","status":"publish","type":"page","link":"https:\/\/getvaticantickets.com\/de\/wilkommen-bei-rome-by-segway\/","title":{"rendered":"Willkommen bei Rome by Segway"},"content":{"rendered":"<div class=\"why-us_top\">\n<ul>\n<li>\n<div class=\"why-us_top_icon\"><img decoding=\"async\" src=\"\/wp-content\/uploads\/2016\/02\/central_icon.png\" alt=\"\" \/><\/div>\n<div class=\"why-us_top_title\">WIR LIEGEN ZENTRAL.<\/div>\n<div class=\"why-us_top_content\">Unser B\u00fcro befindet sich nur 5 Minuten vom Colosseum entfernt und ist einfach zu finden.<\/div>\n<\/li>\n<li>\n<div class=\"why-us_top_icon\"><img decoding=\"async\" src=\"\/wp-content\/uploads\/2016\/02\/wifi_icon.png\" alt=\"\" \/><\/div>\n<div class=\"why-us_top_title\">Free wifi<\/div>\n<div class=\"why-us_top_content\">Wir haben kostenloses WiFi f\u00fcr alle unsere G\u00e4ste.<\/div>\n<\/li>\n<li>\n<div class=\"why-us_top_icon\"><img decoding=\"async\" src=\"\/wp-content\/uploads\/2016\/02\/lockers_icon.png\" alt=\"\" \/><\/div>\n<div class=\"why-us_top_title\">SCHLIESSFAECHER<\/div>\n<div class=\"why-us_top_content\">Sie k\u00f6nnen Ihre Taschen etc. bei uns abschlie\u00dfen w\u00e4hrend Sie Ihre Segway Tour genie\u00dfen.<\/div>\n<\/li>\n<li>\n<div class=\"why-us_top_icon\"><img decoding=\"async\" src=\"\/wp-content\/uploads\/2016\/02\/green_icon.png\" alt=\"\" \/><\/div>\n<div class=\"why-us_top_title\">WIR SIND UMWELTFREUNDLICH<\/div>\n<div class=\"why-us_top_content\">Segways sind komplett elektrisch und wir geben damit unseren Beitrag unsere Umwelt zu schonen.<\/div>\n<\/li>\n<li>\n<div class=\"why-us_top_icon\"><img decoding=\"async\" src=\"\/wp-content\/uploads\/2016\/02\/licensed_icon.png\" alt=\"\" \/><\/div>\n<div class=\"why-us_top_title\">ZERTIFIZIERTE TOUR LEADER.<\/div>\n<div class=\"why-us_top_content\">Unsere Tourleader sind nicht nur zertifiziert, sondern auch immer gut drauf!<\/div>\n<\/li>\n<li>\n<div class=\"why-us_top_icon\"><img decoding=\"async\" src=\"\/wp-content\/uploads\/2016\/02\/customer_service_icon.png\" alt=\"\" \/><\/div>\n<div class=\"why-us_top_title\">ERSTKLASSIGER KUNDENDIENST<\/div>\n<div class=\"why-us_top_content\">Wir werden alles m\u00f6gliche tun um Ihnen den besten Service zu geben. <\/div>\n<\/li>\n<\/ul>\n<\/div>\n<div class=\"why-us_video\">\n<p><iframe loading=\"lazy\" width=\"100%\" height=\"400\" src=\"https:\/\/www.youtube.com\/embed\/q7wzq6ySd4I\" frameborder=\"0\" allowfullscreen><\/iframe><\/p>\n<\/div>\n<div class=\"why-us_about\">\n<h6><span>\u00dcber uns<\/span><\/h6>\n<div class=\"why-us_about_content\">\n<p>Wir von Rome by Segway sind begeistert von Segways und Stadtbesichtigungen. Das Fahren ist einfach, intuitiv und macht gro\u00dfen Spa\u00df! Bestens geeignet f\u00fcr alle Altersgruppen und Typen von Urlaubern die unsere Stadt erleben wollen. Segway Fahren alleine ist schon eine tolle Sache, aber wenn man das Fahren mit einer atemberaubend sch\u00f6nen Stadt wie Rom kombiniert \u2013 es ist eine perfekte Mischung. Mit einem Segway k\u00f6nnen Sie mehr zur\u00fccklegen als es zu Fu\u00df \u00fcberhaupt m\u00f6glich ist. Selbst nach drei Stunden Stradtbesichtigung werden Ihre F\u00fc\u00dfe nicht schmerzen. Wenn Besucher nach Rom kommen ist die Menge der Sehensw\u00fcrdigkeiten \u00fcberw\u00e4ltigend und es erscheint unm\u00f6glich \u201ealles zu sehen\u201c. Auf einem Segway kommen wir der M\u00f6glichkeit \u201e alles sehen zu k\u00f6nnen\u201c sehr nah!<\/p>\n<p>Wir setzen uns daf\u00fcr ein, dass jede Segway Tour eine angenehme Erfahrung wird. Unser neues, bequemes B\u00fcro befindet sich nur 5 Minuten zu Fu\u00df vom Colosseum entfernt. Unser Bad, Wasserspender, Kaffeemaschine, Couch und kostenloses WLAN stehen unseren G\u00e4sten zur freien Verf\u00fcgung. Alle unsere Touren wurden pers\u00f6nlich von unseren Mitarbeitern erstellt und bieten eine spannende Mischung von bekannten Sehensw\u00fcrdigkeiten plus weniger bekannten, jedoch sehr sch\u00f6nen Stellen der Stadt. Wir sind stolz auf unser sehr hohes Trip Advisor Rating mit Hunderten von F\u00fcnf-Sterne Bewertungen.<\/p>\n<p>Wir schauen in die Zukunft und achten sehr auf unsere Umwelt. Rome by Segway ist stolz darauf, Segways zu benutzen, die keine sch\u00e4dlichen Abgase produzieren, vollst\u00e4ndig elektrisch betrieben sind und unglaublich energieeffizient sind. Segways sind nicht nur ein umweltschonendes Fortbewegungsmittel, sondern es ist der beste Weg eine echte Stadtbesichtigung zu machen, weil Sie alles direkt vor Ihren Augen haben! In einem Tourbus z.B. sitzen Sie hinter einem Glass und sehen alles eher indirekt.<\/p>\n<p>Wegen aller dieser Gr\u00fcnde und mehr sind wir stolz darauf, die besten Segway-Touren der Stadt anzubieten. Wir freuen uns darauf, mit Ihnen zusammen Rom zu erleben!<\/p>\n<\/p><\/div>\n<div class=\"why-us_about_img\"><img decoding=\"async\" src=\"\/wp-content\/uploads\/2016\/02\/why-us_about_img.png\" alt=\"\" \/><\/div>\n<\/div>\n<div class=\"why-us_eco_art\">\n<h6><span>WIR SIND AM WACHSEN<\/span><\/h6>\n<p><img decoding=\"async\" src=\"\/wp-content\/uploads\/2016\/02\/why-us_eco_art.png\" alt=\"\" \/><\/p>\n<\/div>\n<div class=\"why-us_office\">\n<h6><span>Unser B\u00fcro<\/span><\/h6>\n<p>    [wonderplugin_gallery id=&#8220;3&#8243;]\n<\/p><\/div>\n","protected":false},"excerpt":{"rendered":"<p>WIR LIEGEN ZENTRAL. Unser B\u00fcro befindet sich nur 5 Minuten vom Colosseum entfernt und ist einfach zu finden. Free wifi Wir haben kostenloses WiFi f\u00fcr alle unsere G\u00e4ste. SCHLIESSFAECHER Sie k\u00f6nnen Ihre Taschen etc. bei uns abschlie\u00dfen w\u00e4hrend Sie Ihre &hellip;<br \/> <a class=\"more-link\" href=\"https:\/\/getvaticantickets.com\/de\/wilkommen-bei-rome-by-segway\/\">Continue reading <span class=\"meta-nav\">&rarr;<\/span><\/a><\/p>\n","protected":false},"author":1,"featured_media":0,"parent":0,"menu_order":0,"comment_status":"closed","ping_status":"closed","template":"","meta":[],"yoast_head":"<!-- This site is optimized with the Yoast SEO plugin v19.11 - https:\/\/yoast.com\/wordpress\/plugins\/seo\/ -->\n<title>Willkommen zu Rome by Segway<\/title>\n<meta name=\"description\" content=\"Wir von Rome by Segway sind begeistert von Segways und Stadtbesichtigungen. Das Fahren ist einfach, intuitiv und macht gro\u00dfen Spa\u00df!\" \/>\n<meta name=\"robots\" content=\"index, follow, max-snippet:-1, max-image-preview:large, max-video-preview:-1\" \/>\n<link rel=\"canonical\" href=\"https:\/\/getvaticantickets.com\/de\/wilkommen-bei-rome-by-segway\/\" \/>\n<meta property=\"og:locale\" content=\"de_DE\" \/>\n<meta property=\"og:type\" content=\"article\" \/>\n<meta property=\"og:title\" content=\"Willkommen zu Rome by Segway\" \/>\n<meta property=\"og:description\" content=\"Wir von Rome by Segway sind begeistert von Segways und Stadtbesichtigungen. Das Fahren ist einfach, intuitiv und macht gro\u00dfen Spa\u00df!\" \/>\n<meta property=\"og:url\" content=\"https:\/\/getvaticantickets.com\/de\/wilkommen-bei-rome-by-segway\/\" \/>\n<meta property=\"og:site_name\" content=\"GetVaticanTickets\" \/>\n<meta property=\"article:publisher\" content=\"http:\/\/www.facebook.com\/pages\/Rome-by-Segway\/134278436595343\" \/>\n<meta property=\"article:modified_time\" content=\"2016-05-02T01:47:05+00:00\" \/>\n<meta property=\"og:image\" content=\"https:\/\/getvaticantickets.com\/wp-content\/uploads\/2016\/02\/central_icon.png\" \/>\n<meta name=\"twitter:card\" content=\"summary_large_image\" \/>\n<meta name=\"twitter:site\" content=\"@RomeBySegwayRBS\" \/>\n<meta name=\"twitter:label1\" content=\"Est. reading time\" \/>\n\t<meta name=\"twitter:data1\" content=\"2 Minuten\" \/>\n<script type=\"application\/ld+json\" class=\"yoast-schema-graph\">{\"@context\":\"https:\/\/schema.org\",\"@graph\":[{\"@type\":\"WebPage\",\"@id\":\"https:\/\/getvaticantickets.com\/de\/wilkommen-bei-rome-by-segway\/\",\"url\":\"https:\/\/getvaticantickets.com\/de\/wilkommen-bei-rome-by-segway\/\",\"name\":\"Willkommen zu Rome by Segway\",\"isPartOf\":{\"@id\":\"https:\/\/www.getvaticantickets.com\/#website\"},\"datePublished\":\"2016-02-15T13:08:37+00:00\",\"dateModified\":\"2016-05-02T01:47:05+00:00\",\"description\":\"Wir von Rome by Segway sind begeistert von Segways und Stadtbesichtigungen. Das Fahren ist einfach, intuitiv und macht gro\u00dfen Spa\u00df!\",\"breadcrumb\":{\"@id\":\"https:\/\/getvaticantickets.com\/de\/wilkommen-bei-rome-by-segway\/#breadcrumb\"},\"inLanguage\":\"de-DE\",\"potentialAction\":[{\"@type\":\"ReadAction\",\"target\":[\"https:\/\/getvaticantickets.com\/de\/wilkommen-bei-rome-by-segway\/\"]}]},{\"@type\":\"BreadcrumbList\",\"@id\":\"https:\/\/getvaticantickets.com\/de\/wilkommen-bei-rome-by-segway\/#breadcrumb\",\"itemListElement\":[{\"@type\":\"ListItem\",\"position\":1,\"name\":\"Home\",\"item\":\"https:\/\/getvaticantickets.com\/de\/\"},{\"@type\":\"ListItem\",\"position\":2,\"name\":\"Willkommen bei Rome by Segway\"}]},{\"@type\":\"WebSite\",\"@id\":\"https:\/\/www.getvaticantickets.com\/#website\",\"url\":\"https:\/\/www.getvaticantickets.com\/\",\"name\":\"GetVaticanTickets\",\"description\":\"The Best Vatican Museums Tours and Tickets\",\"publisher\":{\"@id\":\"https:\/\/www.getvaticantickets.com\/#organization\"},\"potentialAction\":[{\"@type\":\"SearchAction\",\"target\":{\"@type\":\"EntryPoint\",\"urlTemplate\":\"https:\/\/www.getvaticantickets.com\/?s={search_term_string}\"},\"query-input\":\"required name=search_term_string\"}],\"inLanguage\":\"de-DE\"},{\"@type\":\"Organization\",\"@id\":\"https:\/\/www.getvaticantickets.com\/#organization\",\"name\":\"GetVaticanTickets\",\"url\":\"https:\/\/www.getvaticantickets.com\/\",\"logo\":{\"@type\":\"ImageObject\",\"inLanguage\":\"de-DE\",\"@id\":\"https:\/\/www.getvaticantickets.com\/#\/schema\/logo\/image\/\",\"url\":\"https:\/\/getvaticantickets.com\/wp-content\/uploads\/2022\/12\/GetTours-LogoEND8-1.png\",\"contentUrl\":\"https:\/\/getvaticantickets.com\/wp-content\/uploads\/2022\/12\/GetTours-LogoEND8-1.png\",\"width\":749,\"height\":296,\"caption\":\"GetVaticanTickets\"},\"image\":{\"@id\":\"https:\/\/www.getvaticantickets.com\/#\/schema\/logo\/image\/\"},\"sameAs\":[\"http:\/\/instagram.com\/romebysegway\",\"http:\/\/www.linkedin.com\/company\/2970045?trk=tyah\",\"http:\/\/pinterest.com\/romebysegwayrbs\/\",\"https:\/\/www.youtube.com\/user\/segwayrome\",\"http:\/\/www.facebook.com\/pages\/Rome-by-Segway\/134278436595343\",\"https:\/\/twitter.com\/RomeBySegwayRBS\"]}]}<\/script>\n<!-- \/ Yoast SEO plugin. -->","yoast_head_json":{"title":"Willkommen zu Rome by Segway","description":"Wir von Rome by Segway sind begeistert von Segways und Stadtbesichtigungen. Das Fahren ist einfach, intuitiv und macht gro\u00dfen Spa\u00df!","robots":{"index":"index","follow":"follow","max-snippet":"max-snippet:-1","max-image-preview":"max-image-preview:large","max-video-preview":"max-video-preview:-1"},"canonical":"https:\/\/getvaticantickets.com\/de\/wilkommen-bei-rome-by-segway\/","og_locale":"de_DE","og_type":"article","og_title":"Willkommen zu Rome by Segway","og_description":"Wir von Rome by Segway sind begeistert von Segways und Stadtbesichtigungen. Das Fahren ist einfach, intuitiv und macht gro\u00dfen Spa\u00df!","og_url":"https:\/\/getvaticantickets.com\/de\/wilkommen-bei-rome-by-segway\/","og_site_name":"GetVaticanTickets","article_publisher":"http:\/\/www.facebook.com\/pages\/Rome-by-Segway\/134278436595343","article_modified_time":"2016-05-02T01:47:05+00:00","og_image":[{"url":"https:\/\/getvaticantickets.com\/wp-content\/uploads\/2016\/02\/central_icon.png"}],"twitter_card":"summary_large_image","twitter_site":"@RomeBySegwayRBS","twitter_misc":{"Est. reading time":"2 Minuten"},"schema":{"@context":"https:\/\/schema.org","@graph":[{"@type":"WebPage","@id":"https:\/\/getvaticantickets.com\/de\/wilkommen-bei-rome-by-segway\/","url":"https:\/\/getvaticantickets.com\/de\/wilkommen-bei-rome-by-segway\/","name":"Willkommen zu Rome by Segway","isPartOf":{"@id":"https:\/\/www.getvaticantickets.com\/#website"},"datePublished":"2016-02-15T13:08:37+00:00","dateModified":"2016-05-02T01:47:05+00:00","description":"Wir von Rome by Segway sind begeistert von Segways und Stadtbesichtigungen. Das Fahren ist einfach, intuitiv und macht gro\u00dfen Spa\u00df!","breadcrumb":{"@id":"https:\/\/getvaticantickets.com\/de\/wilkommen-bei-rome-by-segway\/#breadcrumb"},"inLanguage":"de-DE","potentialAction":[{"@type":"ReadAction","target":["https:\/\/getvaticantickets.com\/de\/wilkommen-bei-rome-by-segway\/"]}]},{"@type":"BreadcrumbList","@id":"https:\/\/getvaticantickets.com\/de\/wilkommen-bei-rome-by-segway\/#breadcrumb","itemListElement":[{"@type":"ListItem","position":1,"name":"Home","item":"https:\/\/getvaticantickets.com\/de\/"},{"@type":"ListItem","position":2,"name":"Willkommen bei Rome by Segway"}]},{"@type":"WebSite","@id":"https:\/\/www.getvaticantickets.com\/#website","url":"https:\/\/www.getvaticantickets.com\/","name":"GetVaticanTickets","description":"The Best Vatican Museums Tours and Tickets","publisher":{"@id":"https:\/\/www.getvaticantickets.com\/#organization"},"potentialAction":[{"@type":"SearchAction","target":{"@type":"EntryPoint","urlTemplate":"https:\/\/www.getvaticantickets.com\/?s={search_term_string}"},"query-input":"required name=search_term_string"}],"inLanguage":"de-DE"},{"@type":"Organization","@id":"https:\/\/www.getvaticantickets.com\/#organization","name":"GetVaticanTickets","url":"https:\/\/www.getvaticantickets.com\/","logo":{"@type":"ImageObject","inLanguage":"de-DE","@id":"https:\/\/www.getvaticantickets.com\/#\/schema\/logo\/image\/","url":"https:\/\/getvaticantickets.com\/wp-content\/uploads\/2022\/12\/GetTours-LogoEND8-1.png","contentUrl":"https:\/\/getvaticantickets.com\/wp-content\/uploads\/2022\/12\/GetTours-LogoEND8-1.png","width":749,"height":296,"caption":"GetVaticanTickets"},"image":{"@id":"https:\/\/www.getvaticantickets.com\/#\/schema\/logo\/image\/"},"sameAs":["http:\/\/instagram.com\/romebysegway","http:\/\/www.linkedin.com\/company\/2970045?trk=tyah","http:\/\/pinterest.com\/romebysegwayrbs\/","https:\/\/www.youtube.com\/user\/segwayrome","http:\/\/www.facebook.com\/pages\/Rome-by-Segway\/134278436595343","https:\/\/twitter.com\/RomeBySegwayRBS"]}]}},"acf":[],"_links":{"self":[{"href":"https:\/\/getvaticantickets.com\/de\/wp-json\/wp\/v2\/pages\/4650"}],"collection":[{"href":"https:\/\/getvaticantickets.com\/de\/wp-json\/wp\/v2\/pages"}],"about":[{"href":"https:\/\/getvaticantickets.com\/de\/wp-json\/wp\/v2\/types\/page"}],"author":[{"embeddable":true,"href":"https:\/\/getvaticantickets.com\/de\/wp-json\/wp\/v2\/users\/1"}],"replies":[{"embeddable":true,"href":"https:\/\/getvaticantickets.com\/de\/wp-json\/wp\/v2\/comments?post=4650"}],"version-history":[{"count":5,"href":"https:\/\/getvaticantickets.com\/de\/wp-json\/wp\/v2\/pages\/4650\/revisions"}],"predecessor-version":[{"id":5061,"href":"https:\/\/getvaticantickets.com\/de\/wp-json\/wp\/v2\/pages\/4650\/revisions\/5061"}],"wp:attachment":[{"href":"https:\/\/getvaticantickets.com\/de\/wp-json\/wp\/v2\/media?parent=4650"}],"curies":[{"name":"wp","href":"https:\/\/api.w.org\/{rel}","templated":true}]}}