{"id":4679,"date":"2016-02-17T11:48:18","date_gmt":"2016-02-17T11:48:18","guid":{"rendered":"https:\/\/www.romebysegway.com\/frequently-asked-questions\/?lang=de"},"modified":"2016-05-03T13:05:24","modified_gmt":"2016-05-03T13:05:24","slug":"frequently-asked-questions","status":"publish","type":"page","link":"https:\/\/getvaticantickets.com\/de\/frequently-asked-questions\/","title":{"rendered":"FAQ"},"content":{"rendered":"<div class=\"faq_main\">\n<p><div class=\"responsive-tabs\">\n<h2 class=\"tabtitle\">FAQ<\/h2>\n<div class=\"tabcontent\">\n<div class=\"easy-faqs-wrapper\"><div class=\"easy-faq\" id=\"easy-faq-4644\"><h3 class=\"easy-faq-title\" style=\"\"><span class=\"easy-faqs-title-before\"><\/span><span class=\"easy-faqs-title-text\">Was ist ein Segway und wie funktioniert es?<\/span><span class=\"easy-faqs-title-after\"><\/span><\/h3> <div class=\"easy-faq-body\" style=\"\"><p>Ein Segway ist eine sehr beeindruckende Maschine, die es Ihnen erlaubt gro\u00dfe Strecken in relativ kurzer Zeit zur\u00fcckzulegen. Sparen Sie sich den anstrengenden stundenlangen Weg zu Fu\u00df! Segway fahren ist eine komplett neue Erfahrung und Sie werden schnell erkennen wie extrem einfach es ist ein Segway zu bedienen. Es macht gro\u00dfen Spa\u00df und f\u00fchlt sich an wie eine Verl\u00e4ngerung des eigenen K\u00f6rpers; lehnen und lenken Sie leicht in die Richtung in die Sie fahren wollen und das Segway macht den Rest. Eine Segway-Tour ist das Beste was Sie machen k\u00f6nnen wenn Sie in einen kurzen Zeitraum soviel Sehensw\u00fcrdigkeiten wie m\u00f6glich sehen wollen. Warum? Weil Sie nicht in einem geschlossenen Fahrzeug sitzen und es sich so anf\u00fchlt als w\u00fcrden sie rund um die Stadt joggen, ohne zu schwitzen oder sich zu ersch\u00f6pfen! Probieren Sie es aus und Sie werden verstehen was wir meinen!<\/p>\n <\/div><\/div><div class=\"easy-faq\" id=\"easy-faq-4641\"><h3 class=\"easy-faq-title\" style=\"\"><span class=\"easy-faqs-title-before\"><\/span><span class=\"easy-faqs-title-text\">Warum Romebysegway?<\/span><span class=\"easy-faqs-title-after\"><\/span><\/h3> <div class=\"easy-faq-body\" style=\"\"><p>Wir bieten Segway Touren in Rom seit Fr\u00fchling 2008 an und sind deshalb das Unternehmen mit der l\u00e4ngsten Erfahrung der Stadt! Wenn Sie auf Deutsch reservieren bekommen Sie au\u00dferdem noch einen Tourleader deutscher Muttersprache! Unser Ziel ist es unseren G\u00e4sten auf angenehmer und lockerer Art die ewige Stadt Rom zu zeigen. Wir lieben es mit unseren G\u00e4sten zu quatschen und wollen die perfekte Mischung aus Stadtbesichtigung und Spa\u00df anbieten. Unsere G\u00e4ste werden wie Freunde und nicht wie Kunden behandelt.<\/p>\n <\/div><\/div><div class=\"easy-faq\" id=\"easy-faq-4638\"><h3 class=\"easy-faq-title\" style=\"\"><span class=\"easy-faqs-title-before\"><\/span><span class=\"easy-faqs-title-text\">Kann jeder ein Segway fahren?<\/span><span class=\"easy-faqs-title-after\"><\/span><\/h3> <div class=\"easy-faq-body\" style=\"\"><p>Bei einer Segway Tour m\u00fcssen Sie die folgenden Voraussetzungen erf\u00fcllen:<br \/>\nDie Fahrer m\u00fcssen mindestens 45 bis maximal 113 Kilo wiegen. Mindestalter 16 Jahre. Sie m\u00fcssen in der Lage sein ohne fremde Hilfe vom Segway schnell auf und abzusteigen. Dies ist vergleichbar mit k\u00f6rperlichen F\u00e4higkeiten wie z.B. Treppen auf und Absteigen ohne Benutzung eines Treppengel\u00e4nders.<br \/>\nSie sollten k\u00f6rperlich fit sein. Sie d\u00fcrfen keine Probleme mit Beinen, Armen, Wirbels\u00e4ule, Fu\u00dfgelenken etc. haben.<br \/>\nEs kann von Menschen im Alter von 16 bis ca. 70 gefahren werden. Das Segway kann nur von einer Person gefahren werden. Sie k\u00f6nnen Ihr Kind nicht auf Ihrem eigenen Segway mitnehmen. F\u00fcr Teilnehmer von 16 bis 18 Jahren ben\u00f6tigen wir einen von einem Erziehungsberechtigten unterschriebenen Haftungsverzicht.<br \/>\nSchwangere Frauen sollten aufgrund offensichtlicher Sicherheitsgr\u00fcnde keine Segway Tour machen<\/p>\n <\/div><\/div><div class=\"easy-faq\" id=\"easy-faq-4635\"><h3 class=\"easy-faq-title\" style=\"\"><span class=\"easy-faqs-title-before\"><\/span><span class=\"easy-faqs-title-text\">Ich bin noch nie ein Segway gefahren! Gibt es ein Fahrtraining?<\/span><span class=\"easy-faqs-title-after\"><\/span><\/h3> <div class=\"easy-faq-body\" style=\"\"><p>Machen Sie sich keine Sorgen, dass Sie noch nie ein Segway gefahren sind! F\u00fcr ungef\u00e4hr 95 % unserer G\u00e4ste ist es auch das erste Mal! Vor jeder Tour machen wir ein umfangreiches Fahrtraining in der N\u00e4he des B\u00fcros. Wir fahren erst los sobald sich jeder 100% sicher f\u00fchlt. Sie werden selber sehen, wie unglaublich einfach und intuitiv es ist, ein Segway zu fahren! Geben Sie sich etwa 20 bis 30 Minuten Zeit und Sie werden mit einem dicken Grinsen zusammen mit uns durch die Gegend gleiten! (Unsere einfachste Tour ist \u00fcbrigens die Antike Rom Segway-Tour, weil enge Gassen und \u00fcberf\u00fcllte Pl\u00e4tzen gemieden werden.)<\/p>\n <\/div><\/div><div class=\"easy-faq\" id=\"easy-faq-4632\"><h3 class=\"easy-faq-title\" style=\"\"><span class=\"easy-faqs-title-before\"><\/span><span class=\"easy-faqs-title-text\">Wie schnell ist ein Segway?<\/span><span class=\"easy-faqs-title-after\"><\/span><\/h3> <div class=\"easy-faq-body\" style=\"\"><p>Unsere Segways sind gedrosselt auf 12 Stundenkilometer. Dies kann mit einem schnellen Fu\u00dfmarsch oder langsamen Joggen verglichen werden. In einigen F\u00e4llen k\u00f6nnen wir die maximale Geschwindigkeit bis auf 20 Stundenkilometer pro Stunde erh\u00f6hen, aber nur, wenn Sie sich sicher f\u00fchlen.<\/p>\n <\/div><\/div><div class=\"easy-faq\" id=\"easy-faq-4629\"><h3 class=\"easy-faq-title\" style=\"\"><span class=\"easy-faqs-title-before\"><\/span><span class=\"easy-faqs-title-text\">Was passiert, wenn es regnet?<\/span><span class=\"easy-faqs-title-after\"><\/span><\/h3> <div class=\"easy-faq-body\" style=\"\"><p>Bei starkem Regen vor dem Tourstart werden wir immer versuchen Ihre Tour auf einen anderen Tag oder Zeit zu verschieben. Falls es w\u00e4hrend der Tour beginnt zu regnen, werden Sie kostenlose Ponchos von uns erhalten (die Sie nach der Tour behalten k\u00f6nnen). Ein Segway ist auch im Regen sicher zu bedienen. Im schlimmsten Fall, wenn es zu stark regnet und Sie Ihre Tour nicht zu verschieben k\u00f6nnen, werden wir einen Gutschein f\u00fcr eine kostenlose Segway-Tour ausstellen den Sie innerhalb eines Jahres bei uns einl\u00f6sen k\u00f6nnen.<\/p>\n <\/div><\/div><div class=\"easy-faq\" id=\"easy-faq-4626\"><h3 class=\"easy-faq-title\" style=\"\"><span class=\"easy-faqs-title-before\"><\/span><span class=\"easy-faqs-title-text\">Wo ist Ihr B\u00fcro?<\/span><span class=\"easy-faqs-title-after\"><\/span><\/h3> <div class=\"easy-faq-body\" style=\"\"><p>Wir sind nur 5 zu Fu\u00df von der U-Bahn Station Colosseum entfernt. Via Celimontana 30\/32.<\/p>\n <\/div><\/div><div class=\"easy-faq\" id=\"easy-faq-4623\"><h3 class=\"easy-faq-title\" style=\"\"><span class=\"easy-faqs-title-before\"><\/span><span class=\"easy-faqs-title-text\">Bieten Sie auch private Touren an?<\/span><span class=\"easy-faqs-title-after\"><\/span><\/h3> <div class=\"easy-faq-body\" style=\"\"><p>Ja das machen wir auch! Sie k\u00f6nnen eine unserer klassischen Touren genie\u00dfen, oder sogar eine speziell f\u00fcr Sie zugeschnittene machen, wo Sie entscheiden, was Sie sehen m\u00f6chten! Kontaktieren Sie uns und wir werden uns freuen zu helfen. Abfahrtszeit kann von Ihnen frei entschieden werden.<\/p>\n <\/div><\/div><\/div>[wonderplugin_gallery id=&#8220;2&#8243;]\n<\/div><h2 class=\"tabtitle\">AGB<\/h2>\n<div class=\"tabcontent\">\nBei einer Segway Tour m\u00fcssen Sie die folgenden Voraussetzungen erf\u00fcllen:<\/p>\n<ul>\n<li>Segways k\u00f6nnen nur von Personen mit einem Gewicht zwischen 45 kg 113 kg benutzt werden.<\/li>\n<li>Sie m\u00fcssen in der Lage sein ohne fremde Hilfe vom Segway schnell auf und abzusteigen. Dies ist vergleichbar mit k\u00f6rperlichen F\u00e4higkeiten wie z.B. Treppen auf und Absteigen ohne Benutzung eines Treppengel\u00e4nders.<\/li>\n<li>Sie sollten k\u00f6rperlich fit sein.<\/li>\n<\/ul>\n<p>Es kann von Menschen im Alter von 16 bis ca. 70 gefahren werden. Das Segway kann nur von einer Person gefahren werden. Sie k\u00f6nnen Ihr Kind nicht auf Ihrem eigenen Segway mitnehmen. F\u00fcr Teilnehmer von 16 bis 18 Jahren ben\u00f6tigen wir einen von einem Erziehungsberechtigten unterschriebenen Haftungsverzicht.<\/p>\n<p><strong>Stornierung: <\/strong>Die Tour wird bei jedem Wetter durchgef\u00fchrt. Keine Geldr\u00fcckgabe f\u00fcr verpasste Flugzeuge, Busse, Z\u00fcge, Krankheit usw. Eine volle R\u00fcckerstattung erfolgt nur bei Stornierungen die uns mindestens 72 Stunden vor Tour Abfahrt mitgeteilt werden.<\/p>\n<p>\n<\/div><h2 class=\"tabtitle\">PRIVACY REGELN<\/h2>\n<div class=\"tabcontent\">\nBei Romebysegway werden Ihre Daten sicher behandelt. Unser Buchungssystem ist f\u00fcr Ihre Sicherheit komplett verschl\u00fcsselt und unsere Cookie Regeln sind transparent. Klicken Sie hier um Ihre Privacy Regelungen kennenzulernen.  <a href=\"\/\/www.iubenda.com\/privacy-policy\/468842\" class=\"iubenda-nostyle no-brand iub-body-embed iubenda-embed\" title=\"Privacy Policy\">Privacy Policy<\/a><script type=\"text\/javascript\">(function (w,d) {var loader = function () {var s = d.createElement(\"script\"), tag = d.getElementsByTagName(\"script\")[0]; s.src = \"\/\/cdn.iubenda.com\/iubenda.js\"; tag.parentNode.insertBefore(s,tag);}; if(w.addEventListener){w.addEventListener(\"load\", loader, false);}else if(w.attachEvent){w.attachEvent(\"onload\", loader);}else{w.onload = loader;}})(window, document);<\/script><\/div><\/div><\/p>\n<\/div>\n","protected":false},"excerpt":{"rendered":"<p>[wonderplugin_gallery id=&#8220;2&#8243;]Bei einer Segway Tour m\u00fcssen Sie die folgenden Voraussetzungen erf\u00fcllen: Segways k\u00f6nnen nur von Personen mit einem Gewicht zwischen 45 kg 113 kg benutzt werden. Sie m\u00fcssen in der Lage sein ohne fremde Hilfe vom Segway schnell auf und abzusteigen. Dies ist vergleichbar mit k\u00f6rperlichen F\u00e4higkeiten wie z.B. Treppen auf und Absteigen ohne Benutzung <\/p>\n","protected":false},"author":1,"featured_media":0,"parent":0,"menu_order":0,"comment_status":"closed","ping_status":"closed","template":"","meta":[],"yoast_head":"<!-- This site is optimized with the Yoast SEO plugin v19.11 - https:\/\/yoast.com\/wordpress\/plugins\/seo\/ -->\n<title>FAQ | Rome by Segway<\/title>\n<meta name=\"robots\" content=\"index, follow, max-snippet:-1, max-image-preview:large, max-video-preview:-1\" \/>\n<link rel=\"canonical\" href=\"https:\/\/getvaticantickets.com\/de\/frequently-asked-questions\/\" \/>\n<meta property=\"og:locale\" content=\"de_DE\" \/>\n<meta property=\"og:type\" content=\"article\" \/>\n<meta property=\"og:title\" content=\"FAQ | Rome by Segway\" \/>\n<meta property=\"og:description\" content=\"[wonderplugin_gallery id=&#8220;2&#8243;]Bei einer Segway Tour m\u00fcssen Sie die folgenden Voraussetzungen erf\u00fcllen: Segways k\u00f6nnen nur von Personen mit einem Gewicht zwischen 45 kg 113 kg benutzt werden. Sie m\u00fcssen in der Lage sein ohne fremde Hilfe vom Segway schnell auf und abzusteigen. Dies ist vergleichbar mit k\u00f6rperlichen F\u00e4higkeiten wie z.B. Treppen auf und Absteigen ohne Benutzung\" \/>\n<meta property=\"og:url\" content=\"https:\/\/getvaticantickets.com\/de\/frequently-asked-questions\/\" \/>\n<meta property=\"og:site_name\" content=\"GetVaticanTickets\" \/>\n<meta property=\"article:publisher\" content=\"http:\/\/www.facebook.com\/pages\/Rome-by-Segway\/134278436595343\" \/>\n<meta property=\"article:modified_time\" content=\"2016-05-03T13:05:24+00:00\" \/>\n<meta name=\"twitter:card\" content=\"summary_large_image\" \/>\n<meta name=\"twitter:site\" content=\"@RomeBySegwayRBS\" \/>\n<meta name=\"twitter:label1\" content=\"Est. reading time\" \/>\n\t<meta name=\"twitter:data1\" content=\"1 Minute\" \/>\n<script type=\"application\/ld+json\" class=\"yoast-schema-graph\">{\"@context\":\"https:\/\/schema.org\",\"@graph\":[{\"@type\":\"WebPage\",\"@id\":\"https:\/\/getvaticantickets.com\/de\/frequently-asked-questions\/\",\"url\":\"https:\/\/getvaticantickets.com\/de\/frequently-asked-questions\/\",\"name\":\"FAQ | Rome by Segway\",\"isPartOf\":{\"@id\":\"https:\/\/www.getvaticantickets.com\/#website\"},\"datePublished\":\"2016-02-17T11:48:18+00:00\",\"dateModified\":\"2016-05-03T13:05:24+00:00\",\"breadcrumb\":{\"@id\":\"https:\/\/getvaticantickets.com\/de\/frequently-asked-questions\/#breadcrumb\"},\"inLanguage\":\"de-DE\",\"potentialAction\":[{\"@type\":\"ReadAction\",\"target\":[\"https:\/\/getvaticantickets.com\/de\/frequently-asked-questions\/\"]}]},{\"@type\":\"BreadcrumbList\",\"@id\":\"https:\/\/getvaticantickets.com\/de\/frequently-asked-questions\/#breadcrumb\",\"itemListElement\":[{\"@type\":\"ListItem\",\"position\":1,\"name\":\"Home\",\"item\":\"https:\/\/getvaticantickets.com\/de\/\"},{\"@type\":\"ListItem\",\"position\":2,\"name\":\"FAQ\"}]},{\"@type\":\"WebSite\",\"@id\":\"https:\/\/www.getvaticantickets.com\/#website\",\"url\":\"https:\/\/www.getvaticantickets.com\/\",\"name\":\"GetVaticanTickets\",\"description\":\"The Best Vatican Museums Tours and Tickets\",\"publisher\":{\"@id\":\"https:\/\/www.getvaticantickets.com\/#organization\"},\"potentialAction\":[{\"@type\":\"SearchAction\",\"target\":{\"@type\":\"EntryPoint\",\"urlTemplate\":\"https:\/\/www.getvaticantickets.com\/?s={search_term_string}\"},\"query-input\":\"required name=search_term_string\"}],\"inLanguage\":\"de-DE\"},{\"@type\":\"Organization\",\"@id\":\"https:\/\/www.getvaticantickets.com\/#organization\",\"name\":\"GetVaticanTickets\",\"url\":\"https:\/\/www.getvaticantickets.com\/\",\"logo\":{\"@type\":\"ImageObject\",\"inLanguage\":\"de-DE\",\"@id\":\"https:\/\/www.getvaticantickets.com\/#\/schema\/logo\/image\/\",\"url\":\"https:\/\/getvaticantickets.com\/wp-content\/uploads\/2022\/12\/GetTours-LogoEND8-1.png\",\"contentUrl\":\"https:\/\/getvaticantickets.com\/wp-content\/uploads\/2022\/12\/GetTours-LogoEND8-1.png\",\"width\":749,\"height\":296,\"caption\":\"GetVaticanTickets\"},\"image\":{\"@id\":\"https:\/\/www.getvaticantickets.com\/#\/schema\/logo\/image\/\"},\"sameAs\":[\"http:\/\/instagram.com\/romebysegway\",\"http:\/\/www.linkedin.com\/company\/2970045?trk=tyah\",\"http:\/\/pinterest.com\/romebysegwayrbs\/\",\"https:\/\/www.youtube.com\/user\/segwayrome\",\"http:\/\/www.facebook.com\/pages\/Rome-by-Segway\/134278436595343\",\"https:\/\/twitter.com\/RomeBySegwayRBS\"]}]}<\/script>\n<!-- \/ Yoast SEO plugin. -->","yoast_head_json":{"title":"FAQ | Rome by Segway","robots":{"index":"index","follow":"follow","max-snippet":"max-snippet:-1","max-image-preview":"max-image-preview:large","max-video-preview":"max-video-preview:-1"},"canonical":"https:\/\/getvaticantickets.com\/de\/frequently-asked-questions\/","og_locale":"de_DE","og_type":"article","og_title":"FAQ | Rome by Segway","og_description":"[wonderplugin_gallery id=&#8220;2&#8243;]Bei einer Segway Tour m\u00fcssen Sie die folgenden Voraussetzungen erf\u00fcllen: Segways k\u00f6nnen nur von Personen mit einem Gewicht zwischen 45 kg 113 kg benutzt werden. Sie m\u00fcssen in der Lage sein ohne fremde Hilfe vom Segway schnell auf und abzusteigen. Dies ist vergleichbar mit k\u00f6rperlichen F\u00e4higkeiten wie z.B. Treppen auf und Absteigen ohne Benutzung","og_url":"https:\/\/getvaticantickets.com\/de\/frequently-asked-questions\/","og_site_name":"GetVaticanTickets","article_publisher":"http:\/\/www.facebook.com\/pages\/Rome-by-Segway\/134278436595343","article_modified_time":"2016-05-03T13:05:24+00:00","twitter_card":"summary_large_image","twitter_site":"@RomeBySegwayRBS","twitter_misc":{"Est. reading time":"1 Minute"},"schema":{"@context":"https:\/\/schema.org","@graph":[{"@type":"WebPage","@id":"https:\/\/getvaticantickets.com\/de\/frequently-asked-questions\/","url":"https:\/\/getvaticantickets.com\/de\/frequently-asked-questions\/","name":"FAQ | Rome by Segway","isPartOf":{"@id":"https:\/\/www.getvaticantickets.com\/#website"},"datePublished":"2016-02-17T11:48:18+00:00","dateModified":"2016-05-03T13:05:24+00:00","breadcrumb":{"@id":"https:\/\/getvaticantickets.com\/de\/frequently-asked-questions\/#breadcrumb"},"inLanguage":"de-DE","potentialAction":[{"@type":"ReadAction","target":["https:\/\/getvaticantickets.com\/de\/frequently-asked-questions\/"]}]},{"@type":"BreadcrumbList","@id":"https:\/\/getvaticantickets.com\/de\/frequently-asked-questions\/#breadcrumb","itemListElement":[{"@type":"ListItem","position":1,"name":"Home","item":"https:\/\/getvaticantickets.com\/de\/"},{"@type":"ListItem","position":2,"name":"FAQ"}]},{"@type":"WebSite","@id":"https:\/\/www.getvaticantickets.com\/#website","url":"https:\/\/www.getvaticantickets.com\/","name":"GetVaticanTickets","description":"The Best Vatican Museums Tours and Tickets","publisher":{"@id":"https:\/\/www.getvaticantickets.com\/#organization"},"potentialAction":[{"@type":"SearchAction","target":{"@type":"EntryPoint","urlTemplate":"https:\/\/www.getvaticantickets.com\/?s={search_term_string}"},"query-input":"required name=search_term_string"}],"inLanguage":"de-DE"},{"@type":"Organization","@id":"https:\/\/www.getvaticantickets.com\/#organization","name":"GetVaticanTickets","url":"https:\/\/www.getvaticantickets.com\/","logo":{"@type":"ImageObject","inLanguage":"de-DE","@id":"https:\/\/www.getvaticantickets.com\/#\/schema\/logo\/image\/","url":"https:\/\/getvaticantickets.com\/wp-content\/uploads\/2022\/12\/GetTours-LogoEND8-1.png","contentUrl":"https:\/\/getvaticantickets.com\/wp-content\/uploads\/2022\/12\/GetTours-LogoEND8-1.png","width":749,"height":296,"caption":"GetVaticanTickets"},"image":{"@id":"https:\/\/www.getvaticantickets.com\/#\/schema\/logo\/image\/"},"sameAs":["http:\/\/instagram.com\/romebysegway","http:\/\/www.linkedin.com\/company\/2970045?trk=tyah","http:\/\/pinterest.com\/romebysegwayrbs\/","https:\/\/www.youtube.com\/user\/segwayrome","http:\/\/www.facebook.com\/pages\/Rome-by-Segway\/134278436595343","https:\/\/twitter.com\/RomeBySegwayRBS"]}]}},"acf":[],"_links":{"self":[{"href":"https:\/\/getvaticantickets.com\/de\/wp-json\/wp\/v2\/pages\/4679"}],"collection":[{"href":"https:\/\/getvaticantickets.com\/de\/wp-json\/wp\/v2\/pages"}],"about":[{"href":"https:\/\/getvaticantickets.com\/de\/wp-json\/wp\/v2\/types\/page"}],"author":[{"embeddable":true,"href":"https:\/\/getvaticantickets.com\/de\/wp-json\/wp\/v2\/users\/1"}],"replies":[{"embeddable":true,"href":"https:\/\/getvaticantickets.com\/de\/wp-json\/wp\/v2\/comments?post=4679"}],"version-history":[{"count":6,"href":"https:\/\/getvaticantickets.com\/de\/wp-json\/wp\/v2\/pages\/4679\/revisions"}],"predecessor-version":[{"id":5081,"href":"https:\/\/getvaticantickets.com\/de\/wp-json\/wp\/v2\/pages\/4679\/revisions\/5081"}],"wp:attachment":[{"href":"https:\/\/getvaticantickets.com\/de\/wp-json\/wp\/v2\/media?parent=4679"}],"curies":[{"name":"wp","href":"https:\/\/api.w.org\/{rel}","templated":true}]}}