{"id":4702,"date":"2016-02-15T13:07:42","date_gmt":"2016-02-15T13:07:42","guid":{"rendered":"https:\/\/www.romebysegway.com\/quick-contact-info\/?lang=de"},"modified":"2016-05-02T02:16:06","modified_gmt":"2016-05-02T02:16:06","slug":"kontakt","status":"publish","type":"page","link":"https:\/\/getvaticantickets.com\/de\/kontakt\/","title":{"rendered":"SCHNELLER KONTAKT"},"content":{"rendered":"<div class=\"contact_top\">\n<ul>\n<li><span class=\"contact_top_icon\"><img decoding=\"async\" src=\"\/wp-content\/uploads\/2016\/02\/email_icon.png\" alt=\"\" \/><\/span><a href=\"mailto:info@romebysegway.com\">info@romebysegway.com<\/a><\/li>\n<li><span class=\"contact_top_icon\"><img decoding=\"async\" src=\"\/wp-content\/uploads\/2016\/02\/toll_free_icon.png\" alt=\"\" \/><\/span><strong>Toll free:<\/strong> 800.25.00.77<\/li>\n<li><span class=\"contact_top_icon\"><img decoding=\"async\" src=\"\/wp-content\/uploads\/2016\/02\/phone_icon.png\" alt=\"\" \/><\/span>0039.06.775.918.22<\/li>\n<li><span class=\"contact_top_icon\"><img decoding=\"async\" src=\"\/wp-content\/uploads\/2016\/02\/mobile_icon.png\" alt=\"\" \/><\/span>0039.39.29.54.84.28 <img decoding=\"async\" src=\"\/wp-content\/uploads\/2016\/02\/whatsapp.png\" alt=\"\" class=\"whatsapp\" \/><\/li>\n<\/ul>\n<\/div>\n<h1 class=\"entry-title\"><span>MELDEN SIE SICH! <\/span><\/h1>\n<p>Haben Sie Fragen \u00fcber unsere Segway Touren, oder \u00fcber allgemein \u00fcber Rom? Kein Problem, wir helfen Ihnen gerne! F\u00fcllen Sie das untenliegende Kontaktformular aus und wir werden in den n\u00e4chsten Stunden antworten. <\/p>\n","protected":false},"excerpt":{"rendered":"<p>info@romebysegway.com Toll free: 800.25.00.77 0039.06.775.918.22 0039.39.29.54.84.28 MELDEN SIE SICH! Haben Sie Fragen \u00fcber unsere Segway Touren, oder \u00fcber allgemein \u00fcber Rom? Kein Problem, wir helfen Ihnen gerne! F\u00fcllen Sie das untenliegende Kontaktformular aus und wir werden in den n\u00e4chsten Stunden &hellip;<br \/> <a class=\"more-link\" href=\"https:\/\/getvaticantickets.com\/de\/kontakt\/\">Continue reading <span class=\"meta-nav\">&rarr;<\/span><\/a><\/p>\n","protected":false},"author":1,"featured_media":0,"parent":0,"menu_order":0,"comment_status":"closed","ping_status":"closed","template":"page-contact-custom.php","meta":[],"yoast_head":"<!-- This site is optimized with the Yoast SEO plugin v19.11 - https:\/\/yoast.com\/wordpress\/plugins\/seo\/ -->\n<title>Kontakt | Rome by Segway<\/title>\n<meta name=\"description\" content=\"Haben Sie Fragen \u00fcber unsere Segway Touren, oder \u00fcber allgemein \u00fcber Rom? Kein Problem, wir helfen Ihnen gerne!\" \/>\n<meta name=\"robots\" content=\"index, follow, max-snippet:-1, max-image-preview:large, max-video-preview:-1\" \/>\n<link rel=\"canonical\" href=\"https:\/\/getvaticantickets.com\/de\/kontakt\/\" \/>\n<meta property=\"og:locale\" content=\"de_DE\" \/>\n<meta property=\"og:type\" content=\"article\" \/>\n<meta property=\"og:title\" content=\"Kontakt | Rome by Segway\" \/>\n<meta property=\"og:description\" content=\"Haben Sie Fragen \u00fcber unsere Segway Touren, oder \u00fcber allgemein \u00fcber Rom? Kein Problem, wir helfen Ihnen gerne!\" \/>\n<meta property=\"og:url\" content=\"https:\/\/getvaticantickets.com\/de\/kontakt\/\" \/>\n<meta property=\"og:site_name\" content=\"GetVaticanTickets\" \/>\n<meta property=\"article:publisher\" content=\"http:\/\/www.facebook.com\/pages\/Rome-by-Segway\/134278436595343\" \/>\n<meta property=\"article:modified_time\" content=\"2016-05-02T02:16:06+00:00\" \/>\n<meta property=\"og:image\" content=\"https:\/\/getvaticantickets.com\/wp-content\/uploads\/2016\/02\/email_icon.png\" \/>\n<meta name=\"twitter:card\" content=\"summary_large_image\" \/>\n<meta name=\"twitter:site\" content=\"@RomeBySegwayRBS\" \/>\n<script type=\"application\/ld+json\" class=\"yoast-schema-graph\">{\"@context\":\"https:\/\/schema.org\",\"@graph\":[{\"@type\":\"WebPage\",\"@id\":\"https:\/\/getvaticantickets.com\/de\/kontakt\/\",\"url\":\"https:\/\/getvaticantickets.com\/de\/kontakt\/\",\"name\":\"Kontakt | Rome by Segway\",\"isPartOf\":{\"@id\":\"https:\/\/www.getvaticantickets.com\/#website\"},\"datePublished\":\"2016-02-15T13:07:42+00:00\",\"dateModified\":\"2016-05-02T02:16:06+00:00\",\"description\":\"Haben Sie Fragen \u00fcber unsere Segway Touren, oder \u00fcber allgemein \u00fcber Rom? Kein Problem, wir helfen Ihnen gerne!\",\"breadcrumb\":{\"@id\":\"https:\/\/getvaticantickets.com\/de\/kontakt\/#breadcrumb\"},\"inLanguage\":\"de-DE\",\"potentialAction\":[{\"@type\":\"ReadAction\",\"target\":[\"https:\/\/getvaticantickets.com\/de\/kontakt\/\"]}]},{\"@type\":\"BreadcrumbList\",\"@id\":\"https:\/\/getvaticantickets.com\/de\/kontakt\/#breadcrumb\",\"itemListElement\":[{\"@type\":\"ListItem\",\"position\":1,\"name\":\"Home\",\"item\":\"https:\/\/getvaticantickets.com\/de\/\"},{\"@type\":\"ListItem\",\"position\":2,\"name\":\"SCHNELLER KONTAKT\"}]},{\"@type\":\"WebSite\",\"@id\":\"https:\/\/www.getvaticantickets.com\/#website\",\"url\":\"https:\/\/www.getvaticantickets.com\/\",\"name\":\"GetVaticanTickets\",\"description\":\"The Best Vatican Museums Tours and Tickets\",\"publisher\":{\"@id\":\"https:\/\/www.getvaticantickets.com\/#organization\"},\"potentialAction\":[{\"@type\":\"SearchAction\",\"target\":{\"@type\":\"EntryPoint\",\"urlTemplate\":\"https:\/\/www.getvaticantickets.com\/?s={search_term_string}\"},\"query-input\":\"required name=search_term_string\"}],\"inLanguage\":\"de-DE\"},{\"@type\":\"Organization\",\"@id\":\"https:\/\/www.getvaticantickets.com\/#organization\",\"name\":\"GetVaticanTickets\",\"url\":\"https:\/\/www.getvaticantickets.com\/\",\"logo\":{\"@type\":\"ImageObject\",\"inLanguage\":\"de-DE\",\"@id\":\"https:\/\/www.getvaticantickets.com\/#\/schema\/logo\/image\/\",\"url\":\"https:\/\/getvaticantickets.com\/wp-content\/uploads\/2022\/12\/GetTours-LogoEND8-1.png\",\"contentUrl\":\"https:\/\/getvaticantickets.com\/wp-content\/uploads\/2022\/12\/GetTours-LogoEND8-1.png\",\"width\":749,\"height\":296,\"caption\":\"GetVaticanTickets\"},\"image\":{\"@id\":\"https:\/\/www.getvaticantickets.com\/#\/schema\/logo\/image\/\"},\"sameAs\":[\"http:\/\/instagram.com\/romebysegway\",\"http:\/\/www.linkedin.com\/company\/2970045?trk=tyah\",\"http:\/\/pinterest.com\/romebysegwayrbs\/\",\"https:\/\/www.youtube.com\/user\/segwayrome\",\"http:\/\/www.facebook.com\/pages\/Rome-by-Segway\/134278436595343\",\"https:\/\/twitter.com\/RomeBySegwayRBS\"]}]}<\/script>\n<!-- \/ Yoast SEO plugin. -->","yoast_head_json":{"title":"Kontakt | Rome by Segway","description":"Haben Sie Fragen \u00fcber unsere Segway Touren, oder \u00fcber allgemein \u00fcber Rom? Kein Problem, wir helfen Ihnen gerne!","robots":{"index":"index","follow":"follow","max-snippet":"max-snippet:-1","max-image-preview":"max-image-preview:large","max-video-preview":"max-video-preview:-1"},"canonical":"https:\/\/getvaticantickets.com\/de\/kontakt\/","og_locale":"de_DE","og_type":"article","og_title":"Kontakt | Rome by Segway","og_description":"Haben Sie Fragen \u00fcber unsere Segway Touren, oder \u00fcber allgemein \u00fcber Rom? Kein Problem, wir helfen Ihnen gerne!","og_url":"https:\/\/getvaticantickets.com\/de\/kontakt\/","og_site_name":"GetVaticanTickets","article_publisher":"http:\/\/www.facebook.com\/pages\/Rome-by-Segway\/134278436595343","article_modified_time":"2016-05-02T02:16:06+00:00","og_image":[{"url":"https:\/\/getvaticantickets.com\/wp-content\/uploads\/2016\/02\/email_icon.png"}],"twitter_card":"summary_large_image","twitter_site":"@RomeBySegwayRBS","schema":{"@context":"https:\/\/schema.org","@graph":[{"@type":"WebPage","@id":"https:\/\/getvaticantickets.com\/de\/kontakt\/","url":"https:\/\/getvaticantickets.com\/de\/kontakt\/","name":"Kontakt | Rome by Segway","isPartOf":{"@id":"https:\/\/www.getvaticantickets.com\/#website"},"datePublished":"2016-02-15T13:07:42+00:00","dateModified":"2016-05-02T02:16:06+00:00","description":"Haben Sie Fragen \u00fcber unsere Segway Touren, oder \u00fcber allgemein \u00fcber Rom? Kein Problem, wir helfen Ihnen gerne!","breadcrumb":{"@id":"https:\/\/getvaticantickets.com\/de\/kontakt\/#breadcrumb"},"inLanguage":"de-DE","potentialAction":[{"@type":"ReadAction","target":["https:\/\/getvaticantickets.com\/de\/kontakt\/"]}]},{"@type":"BreadcrumbList","@id":"https:\/\/getvaticantickets.com\/de\/kontakt\/#breadcrumb","itemListElement":[{"@type":"ListItem","position":1,"name":"Home","item":"https:\/\/getvaticantickets.com\/de\/"},{"@type":"ListItem","position":2,"name":"SCHNELLER KONTAKT"}]},{"@type":"WebSite","@id":"https:\/\/www.getvaticantickets.com\/#website","url":"https:\/\/www.getvaticantickets.com\/","name":"GetVaticanTickets","description":"The Best Vatican Museums Tours and Tickets","publisher":{"@id":"https:\/\/www.getvaticantickets.com\/#organization"},"potentialAction":[{"@type":"SearchAction","target":{"@type":"EntryPoint","urlTemplate":"https:\/\/www.getvaticantickets.com\/?s={search_term_string}"},"query-input":"required name=search_term_string"}],"inLanguage":"de-DE"},{"@type":"Organization","@id":"https:\/\/www.getvaticantickets.com\/#organization","name":"GetVaticanTickets","url":"https:\/\/www.getvaticantickets.com\/","logo":{"@type":"ImageObject","inLanguage":"de-DE","@id":"https:\/\/www.getvaticantickets.com\/#\/schema\/logo\/image\/","url":"https:\/\/getvaticantickets.com\/wp-content\/uploads\/2022\/12\/GetTours-LogoEND8-1.png","contentUrl":"https:\/\/getvaticantickets.com\/wp-content\/uploads\/2022\/12\/GetTours-LogoEND8-1.png","width":749,"height":296,"caption":"GetVaticanTickets"},"image":{"@id":"https:\/\/www.getvaticantickets.com\/#\/schema\/logo\/image\/"},"sameAs":["http:\/\/instagram.com\/romebysegway","http:\/\/www.linkedin.com\/company\/2970045?trk=tyah","http:\/\/pinterest.com\/romebysegwayrbs\/","https:\/\/www.youtube.com\/user\/segwayrome","http:\/\/www.facebook.com\/pages\/Rome-by-Segway\/134278436595343","https:\/\/twitter.com\/RomeBySegwayRBS"]}]}},"acf":[],"_links":{"self":[{"href":"https:\/\/getvaticantickets.com\/de\/wp-json\/wp\/v2\/pages\/4702"}],"collection":[{"href":"https:\/\/getvaticantickets.com\/de\/wp-json\/wp\/v2\/pages"}],"about":[{"href":"https:\/\/getvaticantickets.com\/de\/wp-json\/wp\/v2\/types\/page"}],"author":[{"embeddable":true,"href":"https:\/\/getvaticantickets.com\/de\/wp-json\/wp\/v2\/users\/1"}],"replies":[{"embeddable":true,"href":"https:\/\/getvaticantickets.com\/de\/wp-json\/wp\/v2\/comments?post=4702"}],"version-history":[{"count":4,"href":"https:\/\/getvaticantickets.com\/de\/wp-json\/wp\/v2\/pages\/4702\/revisions"}],"predecessor-version":[{"id":5066,"href":"https:\/\/getvaticantickets.com\/de\/wp-json\/wp\/v2\/pages\/4702\/revisions\/5066"}],"wp:attachment":[{"href":"https:\/\/getvaticantickets.com\/de\/wp-json\/wp\/v2\/media?parent=4702"}],"curies":[{"name":"wp","href":"https:\/\/api.w.org\/{rel}","templated":true}]}}