{"id":4652,"date":"2016-02-15T13:08:37","date_gmt":"2016-02-15T13:08:37","guid":{"rendered":"https:\/\/www.romebysegway.com\/welcome-to-rome-by-segway\/?lang=es"},"modified":"2016-05-03T13:59:45","modified_gmt":"2016-05-03T13:59:45","slug":"bienvenidos-a-rome-by-segway","status":"publish","type":"page","link":"https:\/\/getvaticantickets.com\/es\/bienvenidos-a-rome-by-segway\/","title":{"rendered":"Bienvenidos a Rome by Segway"},"content":{"rendered":"<div class=\"why-us_top\">\n<ul>\n<li>\n<div class=\"why-us_top_icon\"><img decoding=\"async\" src=\"\/wp-content\/uploads\/2016\/02\/central_icon.png\" alt=\"\" \/><\/div>\n<div class=\"why-us_top_title\">Estamos en el centro<\/div>\n<div class=\"why-us_top_content\">Nuestra oficina de Roma se encuentra a 5 minutos a pie del Coliseo; somos f\u00e1ciles de encontrar.<\/div>\n<\/li>\n<li>\n<div class=\"why-us_top_icon\"><img decoding=\"async\" src=\"\/wp-content\/uploads\/2016\/02\/wifi_icon.png\" alt=\"\" \/><\/div>\n<div class=\"why-us_top_title\">Wifi Gratis<\/div>\n<div class=\"why-us_top_content\">Nuestra oficina est\u00e1 equipada con WiFi gratuito para todos nuestros hu\u00e9spedes.<\/div>\n<\/li>\n<li>\n<div class=\"why-us_top_icon\"><img decoding=\"async\" src=\"\/wp-content\/uploads\/2016\/02\/lockers_icon.png\" alt=\"\" \/><\/div>\n<div class=\"why-us_top_title\">Taquillas Gratuitas<\/div>\n<div class=\"why-us_top_content\">Proporcionamos un lugar seguro para guardar tus cosas mientras est\u00e1s  fuera divirtiendote en tu tour.<\/div>\n<\/li>\n<li>\n<div class=\"why-us_top_icon\"><img decoding=\"async\" src=\"\/wp-content\/uploads\/2016\/02\/green_icon.png\" alt=\"\" \/><\/div>\n<div class=\"why-us_top_title\">SOMOS ECOL\u00d3GICOS<\/div>\n<div class=\"why-us_top_content\">Las 0 emisiones de nuestros Segways,  es una de nuestras politicas de impresi\u00f3n, estamos dedicados a minimizar nuestras huella de carbono al m\u00ednimo.<\/div>\n<\/li>\n<li>\n<div class=\"why-us_top_icon\"><img decoding=\"async\" src=\"\/wp-content\/uploads\/2016\/02\/licensed_icon.png\" alt=\"\" \/><\/div>\n<div class=\"why-us_top_title\">ACOMPA\u00d1ANTES  TUR\u00cdSTICOS CON LICENCIA<\/div>\n<div class=\"why-us_top_content\">Nuestros acompa\u00f1antes  de viaje no s\u00f3lo est\u00e1n plenamente autorizados, tambi\u00e9n son los m\u00e1s divertidos para hacer el tour!<\/div>\n<\/li>\n<li>\n<div class=\"why-us_top_icon\"><img decoding=\"async\" src=\"\/wp-content\/uploads\/2016\/02\/customer_service_icon.png\" alt=\"\" \/><\/div>\n<div class=\"why-us_top_title\">A+ Servicio al Cliente<\/div>\n<div class=\"why-us_top_content\">Queremos a nuestros clientes , y por eso hacemos lo imposible para que su experiencia sea perfecta.<\/div>\n<\/li>\n<\/ul>\n<\/div>\n<div class=\"why-us_video\">\n<p>\n<iframe loading=\"lazy\" width=\"100%\" height=\"400\" src=\"https:\/\/www.youtube.com\/embed\/q7wzq6ySd4I\" frameborder=\"0\" allowfullscreen><\/iframe>\n<\/p>\n<\/div>\n<div class=\"why-us_about\">\n<h6><span>Sobre Nosotros<\/span><\/h6>\n<div class=\"why-us_about_content\">\n<p>En Rome by Segway, somos apasionados de los Segways y los viajes . Son f\u00e1ciles, intuitivos y divertidos de usar.\u00d3ptimos para todas las edades y tipos de viajeros. Montar un Segway es un gran momento de por si, pero cuando se combina un Segway con una incre\u00edble hermosa ciudad como Roma \u2013 se crea una combinaci\u00f3n perfecta.Con un Segway podr\u00e1s cubrir mas terreno de lo que podr\u00edas ver a pie. Incluso despues de tres horas de paseo, no duelen los pies. Cuando los visitantes llegan en Roma a menudo se sienten agobiados por la cantidad de cosas que hay que ver. Perece imposible \u201cver todo\u201d- \u00a1 Pero con nuestros tours en Segway llegamos mas r\u00e1pido!<\/p>\n<p>Nos dedicamos a asegurar que cada viajero que reserve un Segway tenga una experiencia agradable con nosotros.Tenemos una oficina moderna y con todas las instalaciones necesarias, situada a la vuelta de la manzana del Coliseo. Ofrecemos a nuestros hu\u00e9spedes:ba\u00f1o, dispensador de aguafr\u00eda, cafetera,sof\u00e1s y Wifi gratuito.<\/p>\n<p>Todos nuestros itinerarios han estado creados personalmente por nuestro personal y cuentan con una emocionante mezcla de famosos monumentos por la cual Roma es conocida y tambi\u00e9n lugares favoritos de los habitantes de la metr\u00f3poli. Nos satisface estar en el nivel mas alto de las actividades de Roma en Tripo Advisor, con cientos de comentarios cinco estrellas. Estamos sensibilizados con el medio ambiente y aparte tambi\u00e9n creemos que es el futuro para realizar viajes. Por ese motivo Rome by Segway se enorgullece usar Segways a cero emisiones, los cuales son incre\u00edblemente eficientes y completamente el\u00e9ctricos. No solo son mucho mas ecol\u00f3gica que un recorrido en autobus habitual, sino que con el Segway les har\u00e1 acercarse mas a la ciudad que estas experimentando.<\/p>\n<p>Por todas estas razones y mas, estamos orgullosos de ofrecer los mejores tours en Segway de la ciudad.\u00a1Esperamos que te unas con nosotros en Roma!\n<\/p>\n<\/p><\/div>\n<div class=\"why-us_about_img\"><img decoding=\"async\" src=\"\/wp-content\/uploads\/2016\/02\/why-us_about_img.png\" alt=\"\" \/><\/div>\n<\/div>\n<div class=\"why-us_eco_art\">\n<h6><span>Estamos creciendo<\/span><\/h6>\n<p><img decoding=\"async\" src=\"\/wp-content\/uploads\/2016\/02\/why-us_eco_art.png\" alt=\"\" \/><\/p>\n<\/div>\n<div class=\"why-us_office\">\n<h6><span>Nuestra Oficina<\/span><\/h6>\n<p>    [wonderplugin_gallery id=\u00bb3&#8243;]\n<\/p><\/div>\n","protected":false},"excerpt":{"rendered":"<p>Estamos en el centro Nuestra oficina de Roma se encuentra a 5 minutos a pie del Coliseo; somos f\u00e1ciles de encontrar. Wifi Gratis Nuestra oficina est\u00e1 equipada con WiFi gratuito para todos nuestros hu\u00e9spedes. Taquillas Gratuitas Proporcionamos un lugar seguro &hellip;<br \/> <a class=\"more-link\" href=\"https:\/\/getvaticantickets.com\/es\/bienvenidos-a-rome-by-segway\/\">Continue reading <span class=\"meta-nav\">&rarr;<\/span><\/a><\/p>\n","protected":false},"author":1,"featured_media":0,"parent":0,"menu_order":0,"comment_status":"closed","ping_status":"closed","template":"","meta":[],"yoast_head":"<!-- This site is optimized with the Yoast SEO plugin v19.11 - https:\/\/yoast.com\/wordpress\/plugins\/seo\/ -->\n<title>Bienvenidos a Rome by Segway<\/title>\n<meta name=\"description\" content=\"Estamos dedicados a asegurar cada viajero que reserve un Segway con nosotros tenga una experiencia agradable.\" \/>\n<meta name=\"robots\" content=\"index, follow, max-snippet:-1, max-image-preview:large, max-video-preview:-1\" \/>\n<link rel=\"canonical\" href=\"https:\/\/www.getvaticantickets.com\/es\/bienvenidos-a-rome-by-segway\/\" \/>\n<meta property=\"og:locale\" content=\"es_ES\" \/>\n<meta property=\"og:type\" content=\"article\" \/>\n<meta property=\"og:title\" content=\"Bienvenidos a Rome by Segway\" \/>\n<meta property=\"og:description\" content=\"Estamos dedicados a asegurar cada viajero que reserve un Segway con nosotros tenga una experiencia agradable.\" \/>\n<meta property=\"og:url\" content=\"https:\/\/www.getvaticantickets.com\/es\/bienvenidos-a-rome-by-segway\/\" \/>\n<meta property=\"og:site_name\" content=\"GetVaticanTickets\" \/>\n<meta property=\"article:publisher\" content=\"http:\/\/www.facebook.com\/pages\/Rome-by-Segway\/134278436595343\" \/>\n<meta property=\"article:modified_time\" content=\"2016-05-03T13:59:45+00:00\" \/>\n<meta property=\"og:image\" content=\"https:\/\/getvaticantickets.com\/wp-content\/uploads\/2016\/02\/central_icon.png\" \/>\n<meta name=\"twitter:card\" content=\"summary_large_image\" \/>\n<meta name=\"twitter:site\" content=\"@RomeBySegwayRBS\" \/>\n<meta name=\"twitter:label1\" content=\"Est. reading time\" \/>\n\t<meta name=\"twitter:data1\" content=\"2 minutos\" \/>\n<script type=\"application\/ld+json\" class=\"yoast-schema-graph\">{\"@context\":\"https:\/\/schema.org\",\"@graph\":[{\"@type\":\"WebPage\",\"@id\":\"https:\/\/www.getvaticantickets.com\/es\/bienvenidos-a-rome-by-segway\/\",\"url\":\"https:\/\/www.getvaticantickets.com\/es\/bienvenidos-a-rome-by-segway\/\",\"name\":\"Bienvenidos a Rome by Segway\",\"isPartOf\":{\"@id\":\"https:\/\/www.getvaticantickets.com\/#website\"},\"datePublished\":\"2016-02-15T13:08:37+00:00\",\"dateModified\":\"2016-05-03T13:59:45+00:00\",\"description\":\"Estamos dedicados a asegurar cada viajero que reserve un Segway con nosotros tenga una experiencia agradable.\",\"breadcrumb\":{\"@id\":\"https:\/\/www.getvaticantickets.com\/es\/bienvenidos-a-rome-by-segway\/#breadcrumb\"},\"inLanguage\":\"es\",\"potentialAction\":[{\"@type\":\"ReadAction\",\"target\":[\"https:\/\/www.getvaticantickets.com\/es\/bienvenidos-a-rome-by-segway\/\"]}]},{\"@type\":\"BreadcrumbList\",\"@id\":\"https:\/\/www.getvaticantickets.com\/es\/bienvenidos-a-rome-by-segway\/#breadcrumb\",\"itemListElement\":[{\"@type\":\"ListItem\",\"position\":1,\"name\":\"Home\",\"item\":\"https:\/\/getvaticantickets.com\/es\/\"},{\"@type\":\"ListItem\",\"position\":2,\"name\":\"Bienvenidos a Rome by Segway\"}]},{\"@type\":\"WebSite\",\"@id\":\"https:\/\/www.getvaticantickets.com\/#website\",\"url\":\"https:\/\/www.getvaticantickets.com\/\",\"name\":\"GetVaticanTickets\",\"description\":\"The Best Vatican Museums Tours and Tickets\",\"publisher\":{\"@id\":\"https:\/\/www.getvaticantickets.com\/#organization\"},\"potentialAction\":[{\"@type\":\"SearchAction\",\"target\":{\"@type\":\"EntryPoint\",\"urlTemplate\":\"https:\/\/www.getvaticantickets.com\/?s={search_term_string}\"},\"query-input\":\"required name=search_term_string\"}],\"inLanguage\":\"es\"},{\"@type\":\"Organization\",\"@id\":\"https:\/\/www.getvaticantickets.com\/#organization\",\"name\":\"GetVaticanTickets\",\"url\":\"https:\/\/www.getvaticantickets.com\/\",\"logo\":{\"@type\":\"ImageObject\",\"inLanguage\":\"es\",\"@id\":\"https:\/\/www.getvaticantickets.com\/#\/schema\/logo\/image\/\",\"url\":\"https:\/\/getvaticantickets.com\/wp-content\/uploads\/2022\/12\/GetTours-LogoEND8-1.png\",\"contentUrl\":\"https:\/\/getvaticantickets.com\/wp-content\/uploads\/2022\/12\/GetTours-LogoEND8-1.png\",\"width\":749,\"height\":296,\"caption\":\"GetVaticanTickets\"},\"image\":{\"@id\":\"https:\/\/www.getvaticantickets.com\/#\/schema\/logo\/image\/\"},\"sameAs\":[\"http:\/\/instagram.com\/romebysegway\",\"http:\/\/www.linkedin.com\/company\/2970045?trk=tyah\",\"http:\/\/pinterest.com\/romebysegwayrbs\/\",\"https:\/\/www.youtube.com\/user\/segwayrome\",\"http:\/\/www.facebook.com\/pages\/Rome-by-Segway\/134278436595343\",\"https:\/\/twitter.com\/RomeBySegwayRBS\"]}]}<\/script>\n<!-- \/ Yoast SEO plugin. -->","yoast_head_json":{"title":"Bienvenidos a Rome by Segway","description":"Estamos dedicados a asegurar cada viajero que reserve un Segway con nosotros tenga una experiencia agradable.","robots":{"index":"index","follow":"follow","max-snippet":"max-snippet:-1","max-image-preview":"max-image-preview:large","max-video-preview":"max-video-preview:-1"},"canonical":"https:\/\/www.getvaticantickets.com\/es\/bienvenidos-a-rome-by-segway\/","og_locale":"es_ES","og_type":"article","og_title":"Bienvenidos a Rome by Segway","og_description":"Estamos dedicados a asegurar cada viajero que reserve un Segway con nosotros tenga una experiencia agradable.","og_url":"https:\/\/www.getvaticantickets.com\/es\/bienvenidos-a-rome-by-segway\/","og_site_name":"GetVaticanTickets","article_publisher":"http:\/\/www.facebook.com\/pages\/Rome-by-Segway\/134278436595343","article_modified_time":"2016-05-03T13:59:45+00:00","og_image":[{"url":"https:\/\/getvaticantickets.com\/wp-content\/uploads\/2016\/02\/central_icon.png"}],"twitter_card":"summary_large_image","twitter_site":"@RomeBySegwayRBS","twitter_misc":{"Est. reading time":"2 minutos"},"schema":{"@context":"https:\/\/schema.org","@graph":[{"@type":"WebPage","@id":"https:\/\/www.getvaticantickets.com\/es\/bienvenidos-a-rome-by-segway\/","url":"https:\/\/www.getvaticantickets.com\/es\/bienvenidos-a-rome-by-segway\/","name":"Bienvenidos a Rome by Segway","isPartOf":{"@id":"https:\/\/www.getvaticantickets.com\/#website"},"datePublished":"2016-02-15T13:08:37+00:00","dateModified":"2016-05-03T13:59:45+00:00","description":"Estamos dedicados a asegurar cada viajero que reserve un Segway con nosotros tenga una experiencia agradable.","breadcrumb":{"@id":"https:\/\/www.getvaticantickets.com\/es\/bienvenidos-a-rome-by-segway\/#breadcrumb"},"inLanguage":"es","potentialAction":[{"@type":"ReadAction","target":["https:\/\/www.getvaticantickets.com\/es\/bienvenidos-a-rome-by-segway\/"]}]},{"@type":"BreadcrumbList","@id":"https:\/\/www.getvaticantickets.com\/es\/bienvenidos-a-rome-by-segway\/#breadcrumb","itemListElement":[{"@type":"ListItem","position":1,"name":"Home","item":"https:\/\/getvaticantickets.com\/es\/"},{"@type":"ListItem","position":2,"name":"Bienvenidos a Rome by Segway"}]},{"@type":"WebSite","@id":"https:\/\/www.getvaticantickets.com\/#website","url":"https:\/\/www.getvaticantickets.com\/","name":"GetVaticanTickets","description":"The Best Vatican Museums Tours and Tickets","publisher":{"@id":"https:\/\/www.getvaticantickets.com\/#organization"},"potentialAction":[{"@type":"SearchAction","target":{"@type":"EntryPoint","urlTemplate":"https:\/\/www.getvaticantickets.com\/?s={search_term_string}"},"query-input":"required name=search_term_string"}],"inLanguage":"es"},{"@type":"Organization","@id":"https:\/\/www.getvaticantickets.com\/#organization","name":"GetVaticanTickets","url":"https:\/\/www.getvaticantickets.com\/","logo":{"@type":"ImageObject","inLanguage":"es","@id":"https:\/\/www.getvaticantickets.com\/#\/schema\/logo\/image\/","url":"https:\/\/getvaticantickets.com\/wp-content\/uploads\/2022\/12\/GetTours-LogoEND8-1.png","contentUrl":"https:\/\/getvaticantickets.com\/wp-content\/uploads\/2022\/12\/GetTours-LogoEND8-1.png","width":749,"height":296,"caption":"GetVaticanTickets"},"image":{"@id":"https:\/\/www.getvaticantickets.com\/#\/schema\/logo\/image\/"},"sameAs":["http:\/\/instagram.com\/romebysegway","http:\/\/www.linkedin.com\/company\/2970045?trk=tyah","http:\/\/pinterest.com\/romebysegwayrbs\/","https:\/\/www.youtube.com\/user\/segwayrome","http:\/\/www.facebook.com\/pages\/Rome-by-Segway\/134278436595343","https:\/\/twitter.com\/RomeBySegwayRBS"]}]}},"acf":[],"_links":{"self":[{"href":"https:\/\/getvaticantickets.com\/es\/wp-json\/wp\/v2\/pages\/4652"}],"collection":[{"href":"https:\/\/getvaticantickets.com\/es\/wp-json\/wp\/v2\/pages"}],"about":[{"href":"https:\/\/getvaticantickets.com\/es\/wp-json\/wp\/v2\/types\/page"}],"author":[{"embeddable":true,"href":"https:\/\/getvaticantickets.com\/es\/wp-json\/wp\/v2\/users\/1"}],"replies":[{"embeddable":true,"href":"https:\/\/getvaticantickets.com\/es\/wp-json\/wp\/v2\/comments?post=4652"}],"version-history":[{"count":6,"href":"https:\/\/getvaticantickets.com\/es\/wp-json\/wp\/v2\/pages\/4652\/revisions"}],"predecessor-version":[{"id":5085,"href":"https:\/\/getvaticantickets.com\/es\/wp-json\/wp\/v2\/pages\/4652\/revisions\/5085"}],"wp:attachment":[{"href":"https:\/\/getvaticantickets.com\/es\/wp-json\/wp\/v2\/media?parent=4652"}],"curies":[{"name":"wp","href":"https:\/\/api.w.org\/{rel}","templated":true}]}}