{"id":4681,"date":"2016-02-17T11:48:18","date_gmt":"2016-02-17T11:48:18","guid":{"rendered":"https:\/\/www.romebysegway.com\/frequently-asked-questions\/?lang=es"},"modified":"2016-05-01T00:00:12","modified_gmt":"2016-05-01T00:00:12","slug":"preguntas-frecuentes","status":"publish","type":"page","link":"https:\/\/getvaticantickets.com\/es\/preguntas-frecuentes\/","title":{"rendered":"Preguntas Frecuentes"},"content":{"rendered":"<div class=\"faq_main\">\n<p><div class=\"responsive-tabs\">\n<h2 class=\"tabtitle\">Preguntas Frecuentes<\/h2>\n<div class=\"tabcontent\">\n<div class=\"easy-faqs-wrapper\"><div class=\"easy-faq\" id=\"easy-faq-4646\"><h3 class=\"easy-faq-title\" style=\"\"><span class=\"easy-faqs-title-before\"><\/span><span class=\"easy-faqs-title-text\">\u00bfQu\u00e9 es un Segway y c\u00f3mo funciona?<\/span><span class=\"easy-faqs-title-after\"><\/span><\/h3> <div class=\"easy-faq-body\" style=\"\"><p>Un Segway es una m\u00e1quina impresionante que te permite cubrir grandes distancias, sin tener que caminar por horas!! Sobre un Segway te sientes c\u00f3modo \u2013 aunque si no lo has utilizado nunca te dar\u00e1s cuenta que usarlo es incre\u00edblemente f\u00e1cil y divertido porque se siente como una extensi\u00f3n del cuerpo, te inclinas ligeramente hacia donde deseas ir y el Segway hace lo dem\u00e1s! Un tour en Segway es lo mejor que puedes hacer si tienes poco tiempo y\/o quisieras ver los m\u00e1s posible. \u00bfPor qu\u00e9? Porque no est\u00e1s dentro un veh\u00edculo con ventanas, te sientes como si estuvieras corriendo en la ciudad sin sudar y sin cansarte. \u00a1Pru\u00e9balo y te dar\u00e1s cuenta!.<\/p>\n <\/div><\/div><div class=\"easy-faq\" id=\"easy-faq-4643\"><h3 class=\"easy-faq-title\" style=\"\"><span class=\"easy-faqs-title-before\"><\/span><span class=\"easy-faqs-title-text\">\u00bfPOR QU\u00c9 ROME BY SEGWAY?<\/span><span class=\"easy-faqs-title-after\"><\/span><\/h3> <div class=\"easy-faq-body\" style=\"\"><p>Ofrecemos tours en Segway desde la primavera del 2008 y por esto somos la compa\u00f1\u00eda con m\u00e1s experiencia en Roma. Nuestros gu\u00edas manejan perfectamente el ingl\u00e9s, el alem\u00e1n y el espa\u00f1ol. Nuestro objetivo es que te sientas contento y satisfecho mientras te diviertes y descubres una de las ciudades m\u00e1s bellas en el mundo.<\/p>\n <\/div><\/div><div class=\"easy-faq\" id=\"easy-faq-4640\"><h3 class=\"easy-faq-title\" style=\"\"><span class=\"easy-faqs-title-before\"><\/span><span class=\"easy-faqs-title-text\">Todos pueden manejar un Segway?<\/span><span class=\"easy-faqs-title-after\"><\/span><\/h3> <div class=\"easy-faq-body\" style=\"\"><p>Para poder participar a uno de nuestros tours en Segway hay que cumplir con los siguientes requisitos:<br \/>\nEl cliente no debe pesar m\u00e1s de 113 kilos y no menos de 45 kilos.<br \/>\nLos usuarios deben ser capaces de subir y bajar con facilidad y r\u00e1pidamente del Segway sin asistencia, es como subir y bajar las escaleras sin necesidad de un pasamanos.<br \/>\nDebe ser f\u00edsicamente aut\u00f3nomo.<br \/>\nEl Segway no es adapto para personas que pesan menos de 45 Kg. o m\u00e1s de 113 Kg.<br \/>\nS\u00ed, puede ser manejado por persona entre los 16 y los 70 a\u00f1os, siempre que se cumplan los requisitos antes mencionados.<br \/>\nPara participantes entre 16 y 17 a\u00f1os es necesaria la firma del responsable legal en un documento que nosotros mismos les mostraremos.<br \/>\nNo se pueden llevar ni\u00f1os peque\u00f1os en el Segway.<br \/>\nA las mujeres embarazadas recomendamos de no hacer el tour en Segway.<\/p>\n <\/div><\/div><div class=\"easy-faq\" id=\"easy-faq-4637\"><h3 class=\"easy-faq-title\" style=\"\"><span class=\"easy-faqs-title-before\"><\/span><span class=\"easy-faqs-title-text\">NUNCA HE USADO UN SEGWAY ANTES \u00bfSE HACE ALG\u00daN TIPO DE ENTRENAMIENTO O PRACTICA ANTES DEL TOUR?<\/span><span class=\"easy-faqs-title-after\"><\/span><\/h3> <div class=\"easy-faq-body\" style=\"\"><p>No te preocupes si nunca has usado un Segway \u2013 Alrededor del 95% de nuestros clientes nunca ha usado un Segway!! Antes de cada tour hacemos un entrenamiento completo cerca de nuestra oficina. Cada uno de los participantes viene ayudado hasta que se siente 100% seguro y c\u00f3modo. Ver\u00e1s que es incre\u00edblemente f\u00e1cil e intuitivo; para manejar un Segway bastan 20\/30 minutos de pr\u00e1ctica y te deslizar\u00e1s con nosotros por la calles de Roma con una gran sonrisa pintada en la cara!!!<\/p>\n <\/div><\/div><div class=\"easy-faq\" id=\"easy-faq-4634\"><h3 class=\"easy-faq-title\" style=\"\"><span class=\"easy-faqs-title-before\"><\/span><span class=\"easy-faqs-title-text\">\u00bfCual es la velocidad de un Segway?<\/span><span class=\"easy-faqs-title-after\"><\/span><\/h3> <div class=\"easy-faq-body\" style=\"\"><p>Nuestros Segway tienen una velocidad limitada de 12 km\/h. Se puede comparar a la velocidad de una caminata veloz o lenta. En algunos casos se puede cambiar la velocidad hasta un m\u00e1ximo de 20 km\/h, solamente cuando la persona se siente segura con el manejo del Segway.<\/p>\n <\/div><\/div><div class=\"easy-faq\" id=\"easy-faq-4631\"><h3 class=\"easy-faq-title\" style=\"\"><span class=\"easy-faqs-title-before\"><\/span><span class=\"easy-faqs-title-text\">\u00bfQue sucede si llueve?<\/span><span class=\"easy-faqs-title-after\"><\/span><\/h3> <div class=\"easy-faq-body\" style=\"\"><p>En caso de lluvia fuerte como una tormenta, normalmente tratamos de cambiar el tour en Segway a otro d\u00eda. Si comienza a llover durante el tour nosotros mismos les daremos un impermeable gratuitamente.<br \/>\nEl Segway es seguro inclusive en los d\u00edas de lluvia. En el peor de los casos, si llueve muy fuerte y no se puede cambiar la fecha del tour, les daremos un vale que es v\u00e1lido por un a\u00f1o y podr\u00e1n hacer el tour cuando lo deseen.<\/p>\n <\/div><\/div><div class=\"easy-faq\" id=\"easy-faq-4628\"><h3 class=\"easy-faq-title\" style=\"\"><span class=\"easy-faqs-title-before\"><\/span><span class=\"easy-faqs-title-text\">Donde est\u00e1 la oficina de Rome by Segway?<\/span><span class=\"easy-faqs-title-after\"><\/span><\/h3> <div class=\"easy-faq-body\" style=\"\"><p>Via Celimontana 30\/32. Estamos a tan solo cinco minutos de la parada del metro Colosseo.<\/p>\n <\/div><\/div><div class=\"easy-faq\" id=\"easy-faq-4624\"><h3 class=\"easy-faq-title\" style=\"\"><span class=\"easy-faqs-title-before\"><\/span><span class=\"easy-faqs-title-text\">\u00bfOrganizan visitas privadas?<\/span><span class=\"easy-faqs-title-after\"><\/span><\/h3> <div class=\"easy-faq-body\" style=\"\"><p>S\u00ed, claro! Con la intenci\u00f3n de que te diviertas de manera personalizada, entre las bellezas de Roma con tu familia, amigos o con tu pareja! Cont\u00e1ctanos y estaremos encantados de ayudarte.<br \/>\nUn tour privado cuesta  desde 120&euro; a 200&euro; por persona. El horario de inicio y la ruta la puedes decidir tu o te podemos ayudar a escoger.<\/p>\n <\/div><\/div><\/div>[wonderplugin_gallery id=\u00bb2&#8243;]\n<\/div><h2 class=\"tabtitle\">T\u00e9rminos y Condiciones<\/h2>\n<div class=\"tabcontent\">\nPara poder participar a uno de nuestros tours en Segway hay que cumplir con los siguientes requisitos:<\/p>\n<ul>\n<li>El cliente no debe pesar m\u00e1s de 113 kilos y no menos de 45 kilos.<\/li>\n<li>Los usuarios deben ser capaces de subir y bajar con facilidad y r\u00e1pidamente del Segway sin asistencia, es como subir y bajar las escaleras sin necesidad de un pasamanos.<\/li>\n<li>Debe ser f\u00edsicamente aut\u00f3nomo.<\/li>\n<li>A las mujeres embarazadas recomendamos de no hacer el tour en Segway.<\/li>\n<\/ul>\n<p>S\u00ed, puede ser manejado por persona entre los 16 y los 70 a\u00f1os, siempre que se cumplan los requisitos antes mencionados.<br \/>\nPara participantes entre 16 y 17 a\u00f1os es necesaria la firma del responsable legal en un documento que nosotros mismos les mostraremos.<br \/>\nNo se pueden llevar ni\u00f1os peque\u00f1os en el Segway.<\/p>\n<p><strong>Pol\u00edtica de cancelaci\u00f3n<\/strong>: el Tour contin\u00faa con lluvia o sol. No hay devoluciones de dinero por razones de p\u00e9rdida de aviones, autobuses, trenes etc. Para cancelaciones realizadas con 72 horas antes de la salida del tour se realizar\u00e1 un reembolso total.<\/p>\n<p>\n<\/div><h2 class=\"tabtitle\">Politicas de privacidad<\/h2>\n<div class=\"tabcontent\">\n En Rome  by Segway , tomamos en serio  la privacidad de sus datos . Nuestro proceso de reserva est\u00e1 totalmente encriptada para su seguridad y nuestra pol\u00edtica de cookies es transparente. <\/p>\n<p><a href=\"\/\/www.iubenda.com\/privacy-policy\/558754\" class=\"iubenda-nostyle no-brand iub-body-embed iubenda-embed\" title=\"Privacy Policy\">Privacy Policy<\/a><script type=\"text\/javascript\">(function (w,d) {var loader = function () {var s = d.createElement(\"script\"), tag = d.getElementsByTagName(\"script\")[0]; s.src = \"\/\/cdn.iubenda.com\/iubenda.js\"; tag.parentNode.insertBefore(s,tag);}; if(w.addEventListener){w.addEventListener(\"load\", loader, false);}else if(w.attachEvent){w.attachEvent(\"onload\", loader);}else{w.onload = loader;}})(window, document);<\/script><\/p>\n<\/div><\/div>\n<\/div>\n","protected":false},"excerpt":{"rendered":"<p>[wonderplugin_gallery id=\u00bb2&#8243;]Para poder participar a uno de nuestros tours en Segway hay que cumplir con los siguientes requisitos: El cliente no debe pesar m\u00e1s de 113 kilos y no menos de 45 kilos. Los usuarios deben ser capaces de subir y bajar con facilidad y r\u00e1pidamente del Segway sin asistencia, es como subir y bajar <\/p>\n","protected":false},"author":1,"featured_media":0,"parent":0,"menu_order":0,"comment_status":"closed","ping_status":"closed","template":"","meta":[],"yoast_head":"<!-- This site is optimized with the Yoast SEO plugin v19.11 - https:\/\/yoast.com\/wordpress\/plugins\/seo\/ -->\n<title>Preguntas Frecuentes | Rome by Segway<\/title>\n<meta name=\"description\" content=\"Que es un Segway y c\u00f3mo funciona? Un Segway es una m\u00e1quina impresionante que te permite cubrir grandes distancias, sin tener que caminar!\" \/>\n<meta name=\"robots\" content=\"index, follow, max-snippet:-1, max-image-preview:large, max-video-preview:-1\" \/>\n<link rel=\"canonical\" href=\"https:\/\/getvaticantickets.com\/es\/preguntas-frecuentes\/\" \/>\n<meta property=\"og:locale\" content=\"es_ES\" \/>\n<meta property=\"og:type\" content=\"article\" \/>\n<meta property=\"og:title\" content=\"Preguntas Frecuentes | Rome by Segway\" \/>\n<meta property=\"og:description\" content=\"Que es un Segway y c\u00f3mo funciona? Un Segway es una m\u00e1quina impresionante que te permite cubrir grandes distancias, sin tener que caminar!\" \/>\n<meta property=\"og:url\" content=\"https:\/\/getvaticantickets.com\/es\/preguntas-frecuentes\/\" \/>\n<meta property=\"og:site_name\" content=\"GetVaticanTickets\" \/>\n<meta property=\"article:publisher\" content=\"http:\/\/www.facebook.com\/pages\/Rome-by-Segway\/134278436595343\" \/>\n<meta property=\"article:modified_time\" content=\"2016-05-01T00:00:12+00:00\" \/>\n<meta name=\"twitter:card\" content=\"summary_large_image\" \/>\n<meta name=\"twitter:site\" content=\"@RomeBySegwayRBS\" \/>\n<meta name=\"twitter:label1\" content=\"Est. reading time\" \/>\n\t<meta name=\"twitter:data1\" content=\"1 minuto\" \/>\n<script type=\"application\/ld+json\" class=\"yoast-schema-graph\">{\"@context\":\"https:\/\/schema.org\",\"@graph\":[{\"@type\":\"WebPage\",\"@id\":\"https:\/\/getvaticantickets.com\/es\/preguntas-frecuentes\/\",\"url\":\"https:\/\/getvaticantickets.com\/es\/preguntas-frecuentes\/\",\"name\":\"Preguntas Frecuentes | Rome by Segway\",\"isPartOf\":{\"@id\":\"https:\/\/www.getvaticantickets.com\/#website\"},\"datePublished\":\"2016-02-17T11:48:18+00:00\",\"dateModified\":\"2016-05-01T00:00:12+00:00\",\"description\":\"Que es un Segway y c\u00f3mo funciona? Un Segway es una m\u00e1quina impresionante que te permite cubrir grandes distancias, sin tener que caminar!\",\"breadcrumb\":{\"@id\":\"https:\/\/getvaticantickets.com\/es\/preguntas-frecuentes\/#breadcrumb\"},\"inLanguage\":\"es\",\"potentialAction\":[{\"@type\":\"ReadAction\",\"target\":[\"https:\/\/getvaticantickets.com\/es\/preguntas-frecuentes\/\"]}]},{\"@type\":\"BreadcrumbList\",\"@id\":\"https:\/\/getvaticantickets.com\/es\/preguntas-frecuentes\/#breadcrumb\",\"itemListElement\":[{\"@type\":\"ListItem\",\"position\":1,\"name\":\"Home\",\"item\":\"https:\/\/getvaticantickets.com\/es\/\"},{\"@type\":\"ListItem\",\"position\":2,\"name\":\"Preguntas Frecuentes\"}]},{\"@type\":\"WebSite\",\"@id\":\"https:\/\/www.getvaticantickets.com\/#website\",\"url\":\"https:\/\/www.getvaticantickets.com\/\",\"name\":\"GetVaticanTickets\",\"description\":\"The Best Vatican Museums Tours and Tickets\",\"publisher\":{\"@id\":\"https:\/\/www.getvaticantickets.com\/#organization\"},\"potentialAction\":[{\"@type\":\"SearchAction\",\"target\":{\"@type\":\"EntryPoint\",\"urlTemplate\":\"https:\/\/www.getvaticantickets.com\/?s={search_term_string}\"},\"query-input\":\"required name=search_term_string\"}],\"inLanguage\":\"es\"},{\"@type\":\"Organization\",\"@id\":\"https:\/\/www.getvaticantickets.com\/#organization\",\"name\":\"GetVaticanTickets\",\"url\":\"https:\/\/www.getvaticantickets.com\/\",\"logo\":{\"@type\":\"ImageObject\",\"inLanguage\":\"es\",\"@id\":\"https:\/\/www.getvaticantickets.com\/#\/schema\/logo\/image\/\",\"url\":\"https:\/\/getvaticantickets.com\/wp-content\/uploads\/2022\/12\/GetTours-LogoEND8-1.png\",\"contentUrl\":\"https:\/\/getvaticantickets.com\/wp-content\/uploads\/2022\/12\/GetTours-LogoEND8-1.png\",\"width\":749,\"height\":296,\"caption\":\"GetVaticanTickets\"},\"image\":{\"@id\":\"https:\/\/www.getvaticantickets.com\/#\/schema\/logo\/image\/\"},\"sameAs\":[\"http:\/\/instagram.com\/romebysegway\",\"http:\/\/www.linkedin.com\/company\/2970045?trk=tyah\",\"http:\/\/pinterest.com\/romebysegwayrbs\/\",\"https:\/\/www.youtube.com\/user\/segwayrome\",\"http:\/\/www.facebook.com\/pages\/Rome-by-Segway\/134278436595343\",\"https:\/\/twitter.com\/RomeBySegwayRBS\"]}]}<\/script>\n<!-- \/ Yoast SEO plugin. -->","yoast_head_json":{"title":"Preguntas Frecuentes | Rome by Segway","description":"Que es un Segway y c\u00f3mo funciona? Un Segway es una m\u00e1quina impresionante que te permite cubrir grandes distancias, sin tener que caminar!","robots":{"index":"index","follow":"follow","max-snippet":"max-snippet:-1","max-image-preview":"max-image-preview:large","max-video-preview":"max-video-preview:-1"},"canonical":"https:\/\/getvaticantickets.com\/es\/preguntas-frecuentes\/","og_locale":"es_ES","og_type":"article","og_title":"Preguntas Frecuentes | Rome by Segway","og_description":"Que es un Segway y c\u00f3mo funciona? Un Segway es una m\u00e1quina impresionante que te permite cubrir grandes distancias, sin tener que caminar!","og_url":"https:\/\/getvaticantickets.com\/es\/preguntas-frecuentes\/","og_site_name":"GetVaticanTickets","article_publisher":"http:\/\/www.facebook.com\/pages\/Rome-by-Segway\/134278436595343","article_modified_time":"2016-05-01T00:00:12+00:00","twitter_card":"summary_large_image","twitter_site":"@RomeBySegwayRBS","twitter_misc":{"Est. reading time":"1 minuto"},"schema":{"@context":"https:\/\/schema.org","@graph":[{"@type":"WebPage","@id":"https:\/\/getvaticantickets.com\/es\/preguntas-frecuentes\/","url":"https:\/\/getvaticantickets.com\/es\/preguntas-frecuentes\/","name":"Preguntas Frecuentes | Rome by Segway","isPartOf":{"@id":"https:\/\/www.getvaticantickets.com\/#website"},"datePublished":"2016-02-17T11:48:18+00:00","dateModified":"2016-05-01T00:00:12+00:00","description":"Que es un Segway y c\u00f3mo funciona? Un Segway es una m\u00e1quina impresionante que te permite cubrir grandes distancias, sin tener que caminar!","breadcrumb":{"@id":"https:\/\/getvaticantickets.com\/es\/preguntas-frecuentes\/#breadcrumb"},"inLanguage":"es","potentialAction":[{"@type":"ReadAction","target":["https:\/\/getvaticantickets.com\/es\/preguntas-frecuentes\/"]}]},{"@type":"BreadcrumbList","@id":"https:\/\/getvaticantickets.com\/es\/preguntas-frecuentes\/#breadcrumb","itemListElement":[{"@type":"ListItem","position":1,"name":"Home","item":"https:\/\/getvaticantickets.com\/es\/"},{"@type":"ListItem","position":2,"name":"Preguntas Frecuentes"}]},{"@type":"WebSite","@id":"https:\/\/www.getvaticantickets.com\/#website","url":"https:\/\/www.getvaticantickets.com\/","name":"GetVaticanTickets","description":"The Best Vatican Museums Tours and Tickets","publisher":{"@id":"https:\/\/www.getvaticantickets.com\/#organization"},"potentialAction":[{"@type":"SearchAction","target":{"@type":"EntryPoint","urlTemplate":"https:\/\/www.getvaticantickets.com\/?s={search_term_string}"},"query-input":"required name=search_term_string"}],"inLanguage":"es"},{"@type":"Organization","@id":"https:\/\/www.getvaticantickets.com\/#organization","name":"GetVaticanTickets","url":"https:\/\/www.getvaticantickets.com\/","logo":{"@type":"ImageObject","inLanguage":"es","@id":"https:\/\/www.getvaticantickets.com\/#\/schema\/logo\/image\/","url":"https:\/\/getvaticantickets.com\/wp-content\/uploads\/2022\/12\/GetTours-LogoEND8-1.png","contentUrl":"https:\/\/getvaticantickets.com\/wp-content\/uploads\/2022\/12\/GetTours-LogoEND8-1.png","width":749,"height":296,"caption":"GetVaticanTickets"},"image":{"@id":"https:\/\/www.getvaticantickets.com\/#\/schema\/logo\/image\/"},"sameAs":["http:\/\/instagram.com\/romebysegway","http:\/\/www.linkedin.com\/company\/2970045?trk=tyah","http:\/\/pinterest.com\/romebysegwayrbs\/","https:\/\/www.youtube.com\/user\/segwayrome","http:\/\/www.facebook.com\/pages\/Rome-by-Segway\/134278436595343","https:\/\/twitter.com\/RomeBySegwayRBS"]}]}},"acf":[],"_links":{"self":[{"href":"https:\/\/getvaticantickets.com\/es\/wp-json\/wp\/v2\/pages\/4681"}],"collection":[{"href":"https:\/\/getvaticantickets.com\/es\/wp-json\/wp\/v2\/pages"}],"about":[{"href":"https:\/\/getvaticantickets.com\/es\/wp-json\/wp\/v2\/types\/page"}],"author":[{"embeddable":true,"href":"https:\/\/getvaticantickets.com\/es\/wp-json\/wp\/v2\/users\/1"}],"replies":[{"embeddable":true,"href":"https:\/\/getvaticantickets.com\/es\/wp-json\/wp\/v2\/comments?post=4681"}],"version-history":[{"count":8,"href":"https:\/\/getvaticantickets.com\/es\/wp-json\/wp\/v2\/pages\/4681\/revisions"}],"predecessor-version":[{"id":5009,"href":"https:\/\/getvaticantickets.com\/es\/wp-json\/wp\/v2\/pages\/4681\/revisions\/5009"}],"wp:attachment":[{"href":"https:\/\/getvaticantickets.com\/es\/wp-json\/wp\/v2\/media?parent=4681"}],"curies":[{"name":"wp","href":"https:\/\/api.w.org\/{rel}","templated":true}]}}