{"id":4651,"date":"2016-02-15T13:08:37","date_gmt":"2016-02-15T13:08:37","guid":{"rendered":"https:\/\/www.romebysegway.com\/welcome-to-rome-by-segway\/?lang=it"},"modified":"2016-05-01T03:49:14","modified_gmt":"2016-05-01T03:49:14","slug":"benvenuti-da-rome-by-segway","status":"publish","type":"page","link":"https:\/\/getvaticantickets.com\/it\/benvenuti-da-rome-by-segway\/","title":{"rendered":"Benvenuti da Rome by Segway"},"content":{"rendered":"<div class=\"why-us_top\">\n<ul>\n<li>\n<div class=\"why-us_top_icon\"><img decoding=\"async\" src=\"\/wp-content\/uploads\/2016\/02\/central_icon.png\" alt=\"\" \/><\/div>\n<div class=\"why-us_top_title\">Siamo Centrali<\/div>\n<div class=\"why-us_top_content\">Il nostro ufficio \u00e8 asituato a 5 minuti dal Colosseo; molto facile da trovare.<\/div>\n<\/li>\n<li>\n<div class=\"why-us_top_icon\"><img decoding=\"async\" src=\"\/wp-content\/uploads\/2016\/02\/wifi_icon.png\" alt=\"\" \/><\/div>\n<div class=\"why-us_top_title\">Wifi Gratis<\/div>\n<div class=\"why-us_top_content\">Nel nostro ufficio \u00e8 disponibile una rete wifi gratis per tutti i nostri ospiti.<\/div>\n<\/li>\n<li>\n<div class=\"why-us_top_icon\"><img decoding=\"async\" src=\"\/wp-content\/uploads\/2016\/02\/lockers_icon.png\" alt=\"\" \/><\/div>\n<div class=\"why-us_top_title\">Armadietti gratis<\/div>\n<div class=\"why-us_top_content\">Ti mettiamo a disposizione dei comodi e sicuri armadietti dove puoi riporre le tue cose durante il tour.<\/div>\n<\/li>\n<li>\n<div class=\"why-us_top_icon\"><img decoding=\"async\" src=\"\/wp-content\/uploads\/2016\/02\/green_icon.png\" alt=\"\" \/><\/div>\n<div class=\"why-us_top_title\">Siamo Eco<\/div>\n<div class=\"why-us_top_content\">Dalle emissioni 0 dei Segway elettrici alla nostra politica di stampa, siamo impegnati a ridurre il nostro impatto di carbonio.<\/div>\n<\/li>\n<li>\n<div class=\"why-us_top_icon\"><img decoding=\"async\" src=\"\/wp-content\/uploads\/2016\/02\/licensed_icon.png\" alt=\"\" \/><\/div>\n<div class=\"why-us_top_title\">Accompagnatori autorizzati<\/div>\n<div class=\"why-us_top_content\">I nostri accompagnatori non solo sono regolarmente muniti di licenza, ma sono anche i pi\u00f9 divertenti con cui farsi un giro!<\/div>\n<\/li>\n<li>\n<div class=\"why-us_top_icon\"><img decoding=\"async\" src=\"\/wp-content\/uploads\/2016\/02\/customer_service_icon.png\" alt=\"\" \/><\/div>\n<div class=\"why-us_top_title\">Assistenza clienti da 10 e lode<\/div>\n<div class=\"why-us_top_content\">Amiamo i nostri clienti, e impieghiamo tutte le nostre forze per garantire loro un esperienza perfetta.<\/div>\n<\/li>\n<\/ul>\n<\/div>\n<div class=\"why-us_video\">\n<p><iframe loading=\"lazy\" width=\"100%\" height=\"400\" src=\"https:\/\/www.youtube.com\/embed\/q7wzq6ySd4I\" frameborder=\"0\" allowfullscreen><\/iframe><\/p>\n<\/div>\n<div class=\"why-us_about\">\n<h6><span>Chi Siamo<\/span><\/h6>\n<div class=\"why-us_about_content\">\n<p>Qui a Rome by Segway, abbiamo tutti une vera e propria passione per i Segway e per i viaggi. Facili, intuitivi e incredibilmente divertenti da usare, i Segway sono un ottimi per tutte le et\u00e0 e tutti i tipi di viaggiatori. Andare in Segway \u00e8 gi\u00e0 un grande momento di per s\u00e9, ma quando unisci un Segway con una citt\u00e0 mozzafiato come Roma \u00e8 un tutta un&#8217;altra storia. Con un Segway puoi vedere molte pi\u00f9 cose di quante ne vedresti normalmente a piedi e, dopo tre ore e mezza di tour, non sentirai affatto dolore ai piedi. Quando i turisti arrivano a Roma spesso sono talmente travolti dalla mole di cose da vedere che sembra impossibile poterli vedere tutti, ma con i nostri Segway Tour ci si pu\u00f2 andare davvero molto vicino!<\/p>\n<p>Siamo concentrati nel garantire a ogni viaggiatore che prenota un Segway Tour con noi un&#8217;avventura unica. Abbiamo un fantastico ufficio nuovo situato non lontano dal Colosseo con un bagno, acqua fresca, una macchina del caff\u00e8, comodi divani e wifi gratuito completamente a disposizione dei nostri ospiti. I nostri itinerari sono tutti curati personalmente dal nostro staff, e presentano un mix dei luoghi pi\u00f9 famosi di Roma in aggiunta con alcuni posti locali e particolari. \u00c8 con orgoglio che oggi ci classifichiamo tra le migliori attivit\u00e0 di Roma su TripAdvisor, con centinaia di recensione a 5 stelle.<\/p>\n<p>Quando pensiamo al futuro del mondo dei viaggi, l&#8217;ambiente ricopre una posizione molto importante per noi. Rome by Segway \u00e8 fiera di usare i Segway, completamente elettrici, incredibilmente efficienti e, soprattutto, a zero emissioni. Non solo i Segway sono una scelta molto pi\u00f9 ecologica rispetto a un classico giro in autobus, ma ti permettono anche di poter vedere da vicino le bellezze della citt\u00e0 invece di limitarti a passarci vicino di sfuggita.<\/p>\n<p>Per tutte queste ragione e altre ancora, siamo contenti di offrire i migliori Segway Tour in citt\u00e0. Speriamo di averti presto come nostro ospite a Roma!<\/p>\n<\/p><\/div>\n<div class=\"why-us_about_img\"><img decoding=\"async\" src=\"\/wp-content\/uploads\/2016\/02\/why-us_about_img.png\" alt=\"\" \/><\/div>\n<\/div>\n<div class=\"why-us_eco_art\">\n<h6><span>Stiamo crescendo!<\/span><\/h6>\n<p><img decoding=\"async\" src=\"\/wp-content\/uploads\/2016\/02\/why-us_eco_art.png\" alt=\"\" \/><\/p>\n<\/div>\n<div class=\"why-us_office\">\n<h6><span>Il Nostro Ufficio<\/span><\/h6>\n<p>    [wonderplugin_gallery id=&#8221;3&#8243;]\n<\/p><\/div>\n","protected":false},"excerpt":{"rendered":"<p>Siamo Centrali Il nostro ufficio \u00e8 asituato a 5 minuti dal Colosseo; molto facile da trovare. Wifi Gratis Nel nostro ufficio \u00e8 disponibile una rete wifi gratis per tutti i nostri ospiti. Armadietti gratis Ti mettiamo a disposizione dei comodi &hellip;<br \/> <a class=\"more-link\" href=\"https:\/\/getvaticantickets.com\/it\/benvenuti-da-rome-by-segway\/\">Continue reading <span class=\"meta-nav\">&rarr;<\/span><\/a><\/p>\n","protected":false},"author":1,"featured_media":0,"parent":0,"menu_order":0,"comment_status":"closed","ping_status":"closed","template":"","meta":[],"yoast_head":"<!-- This site is optimized with the Yoast SEO plugin v19.11 - https:\/\/yoast.com\/wordpress\/plugins\/seo\/ -->\n<title>Benvenuti da Rome by Segway | Rome by Segway<\/title>\n<meta name=\"description\" content=\"Qui a Rome by Segway, abbiamo tutti une vera e propria passione per i Segway e per i viaggi.\" \/>\n<meta name=\"robots\" content=\"index, follow, max-snippet:-1, max-image-preview:large, max-video-preview:-1\" \/>\n<link rel=\"canonical\" href=\"https:\/\/getvaticantickets.com\/it\/benvenuti-da-rome-by-segway\/\" \/>\n<meta property=\"og:locale\" content=\"it_IT\" \/>\n<meta property=\"og:type\" content=\"article\" \/>\n<meta property=\"og:title\" content=\"Benvenuti da Rome by Segway | Rome by Segway\" \/>\n<meta property=\"og:description\" content=\"Qui a Rome by Segway, abbiamo tutti une vera e propria passione per i Segway e per i viaggi.\" \/>\n<meta property=\"og:url\" content=\"https:\/\/getvaticantickets.com\/it\/benvenuti-da-rome-by-segway\/\" \/>\n<meta property=\"og:site_name\" content=\"GetVaticanTickets\" \/>\n<meta property=\"article:publisher\" content=\"http:\/\/www.facebook.com\/pages\/Rome-by-Segway\/134278436595343\" \/>\n<meta property=\"article:modified_time\" content=\"2016-05-01T03:49:14+00:00\" \/>\n<meta property=\"og:image\" content=\"https:\/\/getvaticantickets.com\/wp-content\/uploads\/2016\/02\/central_icon.png\" \/>\n<meta name=\"twitter:card\" content=\"summary_large_image\" \/>\n<meta name=\"twitter:site\" content=\"@RomeBySegwayRBS\" \/>\n<meta name=\"twitter:label1\" content=\"Est. reading time\" \/>\n\t<meta name=\"twitter:data1\" content=\"2 minuti\" \/>\n<script type=\"application\/ld+json\" class=\"yoast-schema-graph\">{\"@context\":\"https:\/\/schema.org\",\"@graph\":[{\"@type\":\"WebPage\",\"@id\":\"https:\/\/getvaticantickets.com\/it\/benvenuti-da-rome-by-segway\/\",\"url\":\"https:\/\/getvaticantickets.com\/it\/benvenuti-da-rome-by-segway\/\",\"name\":\"Benvenuti da Rome by Segway | Rome by Segway\",\"isPartOf\":{\"@id\":\"https:\/\/www.getvaticantickets.com\/#website\"},\"datePublished\":\"2016-02-15T13:08:37+00:00\",\"dateModified\":\"2016-05-01T03:49:14+00:00\",\"description\":\"Qui a Rome by Segway, abbiamo tutti une vera e propria passione per i Segway e per i viaggi.\",\"breadcrumb\":{\"@id\":\"https:\/\/getvaticantickets.com\/it\/benvenuti-da-rome-by-segway\/#breadcrumb\"},\"inLanguage\":\"it-IT\",\"potentialAction\":[{\"@type\":\"ReadAction\",\"target\":[\"https:\/\/getvaticantickets.com\/it\/benvenuti-da-rome-by-segway\/\"]}]},{\"@type\":\"BreadcrumbList\",\"@id\":\"https:\/\/getvaticantickets.com\/it\/benvenuti-da-rome-by-segway\/#breadcrumb\",\"itemListElement\":[{\"@type\":\"ListItem\",\"position\":1,\"name\":\"Home\",\"item\":\"https:\/\/getvaticantickets.com\/it\/\"},{\"@type\":\"ListItem\",\"position\":2,\"name\":\"Benvenuti da Rome by Segway\"}]},{\"@type\":\"WebSite\",\"@id\":\"https:\/\/www.getvaticantickets.com\/#website\",\"url\":\"https:\/\/www.getvaticantickets.com\/\",\"name\":\"GetVaticanTickets\",\"description\":\"The Best Vatican Museums Tours and Tickets\",\"publisher\":{\"@id\":\"https:\/\/www.getvaticantickets.com\/#organization\"},\"potentialAction\":[{\"@type\":\"SearchAction\",\"target\":{\"@type\":\"EntryPoint\",\"urlTemplate\":\"https:\/\/www.getvaticantickets.com\/?s={search_term_string}\"},\"query-input\":\"required name=search_term_string\"}],\"inLanguage\":\"it-IT\"},{\"@type\":\"Organization\",\"@id\":\"https:\/\/www.getvaticantickets.com\/#organization\",\"name\":\"GetVaticanTickets\",\"url\":\"https:\/\/www.getvaticantickets.com\/\",\"logo\":{\"@type\":\"ImageObject\",\"inLanguage\":\"it-IT\",\"@id\":\"https:\/\/www.getvaticantickets.com\/#\/schema\/logo\/image\/\",\"url\":\"https:\/\/getvaticantickets.com\/wp-content\/uploads\/2022\/12\/GetTours-LogoEND8-1.png\",\"contentUrl\":\"https:\/\/getvaticantickets.com\/wp-content\/uploads\/2022\/12\/GetTours-LogoEND8-1.png\",\"width\":749,\"height\":296,\"caption\":\"GetVaticanTickets\"},\"image\":{\"@id\":\"https:\/\/www.getvaticantickets.com\/#\/schema\/logo\/image\/\"},\"sameAs\":[\"http:\/\/instagram.com\/romebysegway\",\"http:\/\/www.linkedin.com\/company\/2970045?trk=tyah\",\"http:\/\/pinterest.com\/romebysegwayrbs\/\",\"https:\/\/www.youtube.com\/user\/segwayrome\",\"http:\/\/www.facebook.com\/pages\/Rome-by-Segway\/134278436595343\",\"https:\/\/twitter.com\/RomeBySegwayRBS\"]}]}<\/script>\n<!-- \/ Yoast SEO plugin. -->","yoast_head_json":{"title":"Benvenuti da Rome by Segway | Rome by Segway","description":"Qui a Rome by Segway, abbiamo tutti une vera e propria passione per i Segway e per i viaggi.","robots":{"index":"index","follow":"follow","max-snippet":"max-snippet:-1","max-image-preview":"max-image-preview:large","max-video-preview":"max-video-preview:-1"},"canonical":"https:\/\/getvaticantickets.com\/it\/benvenuti-da-rome-by-segway\/","og_locale":"it_IT","og_type":"article","og_title":"Benvenuti da Rome by Segway | Rome by Segway","og_description":"Qui a Rome by Segway, abbiamo tutti une vera e propria passione per i Segway e per i viaggi.","og_url":"https:\/\/getvaticantickets.com\/it\/benvenuti-da-rome-by-segway\/","og_site_name":"GetVaticanTickets","article_publisher":"http:\/\/www.facebook.com\/pages\/Rome-by-Segway\/134278436595343","article_modified_time":"2016-05-01T03:49:14+00:00","og_image":[{"url":"https:\/\/getvaticantickets.com\/wp-content\/uploads\/2016\/02\/central_icon.png"}],"twitter_card":"summary_large_image","twitter_site":"@RomeBySegwayRBS","twitter_misc":{"Est. reading time":"2 minuti"},"schema":{"@context":"https:\/\/schema.org","@graph":[{"@type":"WebPage","@id":"https:\/\/getvaticantickets.com\/it\/benvenuti-da-rome-by-segway\/","url":"https:\/\/getvaticantickets.com\/it\/benvenuti-da-rome-by-segway\/","name":"Benvenuti da Rome by Segway | Rome by Segway","isPartOf":{"@id":"https:\/\/www.getvaticantickets.com\/#website"},"datePublished":"2016-02-15T13:08:37+00:00","dateModified":"2016-05-01T03:49:14+00:00","description":"Qui a Rome by Segway, abbiamo tutti une vera e propria passione per i Segway e per i viaggi.","breadcrumb":{"@id":"https:\/\/getvaticantickets.com\/it\/benvenuti-da-rome-by-segway\/#breadcrumb"},"inLanguage":"it-IT","potentialAction":[{"@type":"ReadAction","target":["https:\/\/getvaticantickets.com\/it\/benvenuti-da-rome-by-segway\/"]}]},{"@type":"BreadcrumbList","@id":"https:\/\/getvaticantickets.com\/it\/benvenuti-da-rome-by-segway\/#breadcrumb","itemListElement":[{"@type":"ListItem","position":1,"name":"Home","item":"https:\/\/getvaticantickets.com\/it\/"},{"@type":"ListItem","position":2,"name":"Benvenuti da Rome by Segway"}]},{"@type":"WebSite","@id":"https:\/\/www.getvaticantickets.com\/#website","url":"https:\/\/www.getvaticantickets.com\/","name":"GetVaticanTickets","description":"The Best Vatican Museums Tours and Tickets","publisher":{"@id":"https:\/\/www.getvaticantickets.com\/#organization"},"potentialAction":[{"@type":"SearchAction","target":{"@type":"EntryPoint","urlTemplate":"https:\/\/www.getvaticantickets.com\/?s={search_term_string}"},"query-input":"required name=search_term_string"}],"inLanguage":"it-IT"},{"@type":"Organization","@id":"https:\/\/www.getvaticantickets.com\/#organization","name":"GetVaticanTickets","url":"https:\/\/www.getvaticantickets.com\/","logo":{"@type":"ImageObject","inLanguage":"it-IT","@id":"https:\/\/www.getvaticantickets.com\/#\/schema\/logo\/image\/","url":"https:\/\/getvaticantickets.com\/wp-content\/uploads\/2022\/12\/GetTours-LogoEND8-1.png","contentUrl":"https:\/\/getvaticantickets.com\/wp-content\/uploads\/2022\/12\/GetTours-LogoEND8-1.png","width":749,"height":296,"caption":"GetVaticanTickets"},"image":{"@id":"https:\/\/www.getvaticantickets.com\/#\/schema\/logo\/image\/"},"sameAs":["http:\/\/instagram.com\/romebysegway","http:\/\/www.linkedin.com\/company\/2970045?trk=tyah","http:\/\/pinterest.com\/romebysegwayrbs\/","https:\/\/www.youtube.com\/user\/segwayrome","http:\/\/www.facebook.com\/pages\/Rome-by-Segway\/134278436595343","https:\/\/twitter.com\/RomeBySegwayRBS"]}]}},"acf":[],"_links":{"self":[{"href":"https:\/\/getvaticantickets.com\/it\/wp-json\/wp\/v2\/pages\/4651"}],"collection":[{"href":"https:\/\/getvaticantickets.com\/it\/wp-json\/wp\/v2\/pages"}],"about":[{"href":"https:\/\/getvaticantickets.com\/it\/wp-json\/wp\/v2\/types\/page"}],"author":[{"embeddable":true,"href":"https:\/\/getvaticantickets.com\/it\/wp-json\/wp\/v2\/users\/1"}],"replies":[{"embeddable":true,"href":"https:\/\/getvaticantickets.com\/it\/wp-json\/wp\/v2\/comments?post=4651"}],"version-history":[{"count":5,"href":"https:\/\/getvaticantickets.com\/it\/wp-json\/wp\/v2\/pages\/4651\/revisions"}],"predecessor-version":[{"id":5030,"href":"https:\/\/getvaticantickets.com\/it\/wp-json\/wp\/v2\/pages\/4651\/revisions\/5030"}],"wp:attachment":[{"href":"https:\/\/getvaticantickets.com\/it\/wp-json\/wp\/v2\/media?parent=4651"}],"curies":[{"name":"wp","href":"https:\/\/api.w.org\/{rel}","templated":true}]}}