{"id":4680,"date":"2016-02-17T11:48:18","date_gmt":"2016-02-17T11:48:18","guid":{"rendered":"https:\/\/www.romebysegway.com\/frequently-asked-questions\/?lang=it"},"modified":"2016-05-01T03:53:26","modified_gmt":"2016-05-01T03:53:26","slug":"domande-frequenti","status":"publish","type":"page","link":"https:\/\/getvaticantickets.com\/it\/domande-frequenti\/","title":{"rendered":"Domande Frequenti"},"content":{"rendered":"<div class=\"faq_main\"><div class=\"responsive-tabs\">\n<h2 class=\"tabtitle\">Domande Frequenti<\/h2>\n<div class=\"tabcontent\">\n<div class=\"easy-faqs-wrapper\"><div class=\"easy-faq\" id=\"easy-faq-4645\"><h3 class=\"easy-faq-title\" style=\"\"><span class=\"easy-faqs-title-before\"><\/span><span class=\"easy-faqs-title-text\">Che cosa \u00e8 un Segway e come funziona?<\/span><span class=\"easy-faqs-title-after\"><\/span><\/h3> <div class=\"easy-faq-body\" style=\"\"><p>Il Segway \u00e8 un macchina impressionante che permette di coprire molta strada, senza dover camminare per ore ! In sella a una Segway ci si sente a proprio agio \u2013 anche se non l\u2019avete mai sperimentato prima vi renderete conto rapidamente che l\u2019uso \u00e8 incredibilmente facile e divertente perch\u00e9 lo si percepisce come un prolungamento del proprio corpo , ci si china leggermente verso la direzione dove si desidera andare e il Segway fa tutto il resto! Un tour in Segway \u00e8 il meglio che puoi fare se hai un tempo limitato e\/o voleste vedere pi\u00f9 cose possibili. Perch\u00e9? Perch\u00e9 non si \u00e8 all\u2019interno di un veicolo con finestre di vetro, ci si sente come se si stesse facendo jogging intorno alla citt\u00e0 senza sudare o faticare troppo! Provalo e lo confermerai!<\/p>\n <\/div><\/div><div class=\"easy-faq\" id=\"easy-faq-4642\"><h3 class=\"easy-faq-title\" style=\"\"><span class=\"easy-faqs-title-before\"><\/span><span class=\"easy-faqs-title-text\">Perch\u00e9 Romebysegway?<\/span><span class=\"easy-faqs-title-after\"><\/span><\/h3> <div class=\"easy-faq-body\" style=\"\"><p>Organizziamo Segway Tour a Roma dalla primavera del 2008 e siamo l\u2019azienda con pi\u00f9 esperienza di tutte! Tutti i nostri accompagnatori parlano perfettamente inglese, tedesco, francese e spagnolo. Il nostro obiettivo \u00e8 rendere felici i nostri ospiti regalandogli un&#8217;esperienza unica che sia il perfetto mix di cultura e divertimento. Con loro chiacchieriamo, giochiamo e scherziamo proprio come se fossero nostri amici da sempre.<\/p>\n <\/div><\/div><div class=\"easy-faq\" id=\"easy-faq-4639\"><h3 class=\"easy-faq-title\" style=\"\"><span class=\"easy-faqs-title-before\"><\/span><span class=\"easy-faqs-title-text\">Tutti possono guidare un Segway?<\/span><span class=\"easy-faqs-title-after\"><\/span><\/h3> <div class=\"easy-faq-body\" style=\"\"><p>Per usufruire dei nostri tour in segway bisogna soddisfare i seguenti requisiti :<br \/>\nIl cliente non deve pesare di pi\u00f9 di 113 chili e non meno di 45 kg.<br \/>\nI piloti devono essere abili a salire e scendere facilmente e rapidamente il Segway senza assistenza, come nel salire e scendere le scale senza l\u2019ausilio di un corrimano .<br \/>\nDevi essere fisicamente autosufficiente .<br \/>\nIl Segway non \u00e8 adatto per coloro pesano meno 45 kg o pi\u00f9 di 113kg .<br \/>\nSi, pu\u00f2 essere guidato da persone di et\u00e0 compresa tra i 16 e i 70 anni circa.<br \/>\nPer i partecipanti 16-17 anni di \u00e8 richiesta una firma del tutore legale su un\u2019apposita delibera.<br \/>\nNon si pu\u00f2 portare il vostro bambino sul proprio Segway!<br \/>\nLe donne in gravidanza non dovrebbero fare un segway tour.<\/p>\n <\/div><\/div><div class=\"easy-faq\" id=\"easy-faq-4636\"><h3 class=\"easy-faq-title\" style=\"\"><span class=\"easy-faqs-title-before\"><\/span><span class=\"easy-faqs-title-text\">Non ho mai guidato un Segway prima! Offrite un addestramento?<\/span><span class=\"easy-faqs-title-after\"><\/span><\/h3> <div class=\"easy-faq-body\" style=\"\"><p>Non preoccuparti se non hai mai guidato il segway prima d\u2019ora \u2013 Circa il 95% dei nostri ospiti, non ne ha mai mai guidato uno! Prima di ogni uscita facciamo un approfondito addestramento vicino all\u2019ufficio dove ogni singola persona \u00e8 assistita ed Aiutata fino a quando ognuno si sente al 100 % confortevole e sicuro. Vedrete che \u00e8 incredibilmente facile ed intuitivo; per guidare un Segway , basta dare circa 20 \/ 30 minuti di tempo e scivolerete con noi per le strade di Roma co un grande sorriso in viso!<\/p>\n <\/div><\/div><div class=\"easy-faq\" id=\"easy-faq-4633\"><h3 class=\"easy-faq-title\" style=\"\"><span class=\"easy-faqs-title-before\"><\/span><span class=\"easy-faqs-title-text\">Quanto vanno veloci i Segway?<\/span><span class=\"easy-faqs-title-after\"><\/span><\/h3> <div class=\"easy-faq-body\" style=\"\"><p>I nostri Segway hanno una velocit\u00e0 limitata a 12 kmh . Questo pu\u00f2 essere paragonato a una camminata veloce o lenta . In alcuni casi possiamo cambiare la velocit\u00e0 massima a 20 kmh , solamente quando ci si sente a proprio agio .<\/p>\n <\/div><\/div><div class=\"easy-faq\" id=\"easy-faq-4630\"><h3 class=\"easy-faq-title\" style=\"\"><span class=\"easy-faqs-title-before\"><\/span><span class=\"easy-faqs-title-text\">Che cosa succede se piove?<\/span><span class=\"easy-faqs-title-after\"><\/span><\/h3> <div class=\"easy-faq-body\" style=\"\"><p>In caso di pioggia molto forte come un temporale di regola noi cerchiamo di spostare il segway tour per un altro giorno. Se la pioggia iniziasse durante il tour vi verr\u00e0 fornito un poncho gratuito da noi.Il Segway \u00e8 sicuro da usare anche nei giorni di pioggia. Nel peggiore dei casi dove piove troppo forte e non si riesce a rimandare il tour noi emetteremo un buono per un Segway Tour valido per un intero anno .<\/p>\n <\/div><\/div><div class=\"easy-faq\" id=\"easy-faq-4627\"><h3 class=\"easy-faq-title\" style=\"\"><span class=\"easy-faqs-title-before\"><\/span><span class=\"easy-faqs-title-text\">Dove \u00e8 il vostro ufficio?<\/span><span class=\"easy-faqs-title-after\"><\/span><\/h3> <div class=\"easy-faq-body\" style=\"\"><p>Via Celimontana 30\/32. Siamo a soli cinque minuti a piedi dalla fermata della metropolitana Colosseo .<\/p>\n <\/div><\/div><div class=\"easy-faq\" id=\"easy-faq-4625\"><h3 class=\"easy-faq-title\" style=\"\"><span class=\"easy-faqs-title-before\"><\/span><span class=\"easy-faqs-title-text\">Offrite visite private?<\/span><span class=\"easy-faqs-title-after\"><\/span><\/h3> <div class=\"easy-faq-body\" style=\"\"><p>S\u00ec, li organiziamo! Puoi scegliere tra i classici tour che abbiamo oppure personalizzarne uno, modificandone il percorso e anche l&#8217;orario di partenza. Scrivici e saremo pi\u00f9 che felici di aiutarti.<\/p>\n <\/div><\/div><\/div>[wonderplugin_gallery id=&#8221;2&#8243;]\n<\/div><h2 class=\"tabtitle\">Termini e Condizioni<\/h2>\n<div class=\"tabcontent\">\nPer usufruire dei nostri tour in segway bisogna soddisfare i seguenti requisiti:<\/p>\n<ul>\n<li>Il cliente non deve pesare di pi\u00f9 di 113 chili e non meno di 45 kg.<\/li>\n<li>I piloti devono essere abili a salire e scendere facilmente e rapidamente il Segway senza assistenza, come nel salire e scendere le scale senza l\u2019ausilio di un corrimano.<\/li>\n<li>Devi essere fisicamente autosufficiente.<\/li>\n<li>Le donne in gravidanza non dovrebbero fare un segway tour.<\/li>\n<\/ul>\n<p>Si, pu\u00f2 essere guidato da persone di et\u00e0 compresa tra i 16 e i 70 anni circa.<br \/>\nPer i partecipanti 16-17 anni di \u00e8 richiesta una firma del tutore legale su un\u2019apposita delibera.<\/p>\n<p><strong>Politica di cancellazione:<\/strong><br \/>\nIl tour partit\u00e0 sia con il sole sia con la piogga. Non preoccuparti, in caso di pioggia ti daremo noi degli impermeabili gratuiti! Se desideri cancellare o modificare la tua prenotazione, \u00e8 necessario contattarci entro 72 ore dalla partenza del tour: non verranno effettuati rimborsi per cancellazioni o modifiche richiesti oltre questo limite.<\/p>\n<p>\n<\/div><h2 class=\"tabtitle\">Tutela della Privacy<\/h2>\n<div class=\"tabcontent\">\n<a href=\"\/\/www.iubenda.com\/privacy-policy\/705697\" class=\"iubenda-nostyle no-brand iub-body-embed iubenda-embed\" title=\"Privacy Policy\">Privacy Policy<\/a><script type=\"text\/javascript\">(function (w,d) {var loader = function () {var s = d.createElement(\"script\"), tag = d.getElementsByTagName(\"script\")[0]; s.src = \"\/\/cdn.iubenda.com\/iubenda.js\"; tag.parentNode.insertBefore(s,tag);}; if(w.addEventListener){w.addEventListener(\"load\", loader, false);}else if(w.attachEvent){w.attachEvent(\"onload\", loader);}else{w.onload = loader;}})(window, document);<\/script><\/div><\/div><\/p>\n<\/div>\n","protected":false},"excerpt":{"rendered":"<p>[wonderplugin_gallery id=&#8221;2&#8243;]Per usufruire dei nostri tour in segway bisogna soddisfare i seguenti requisiti: Il cliente non deve pesare di pi\u00f9 di 113 chili e non meno di 45 kg. I piloti devono essere abili a salire e scendere facilmente e rapidamente il Segway senza assistenza, come nel salire e scendere le scale senza l\u2019ausilio di <\/p>\n","protected":false},"author":1,"featured_media":0,"parent":0,"menu_order":0,"comment_status":"closed","ping_status":"closed","template":"","meta":[],"yoast_head":"<!-- This site is optimized with the Yoast SEO plugin v19.11 - https:\/\/yoast.com\/wordpress\/plugins\/seo\/ -->\n<title>Domande Frequenti | Rome by Segway<\/title>\n<meta name=\"robots\" content=\"index, follow, max-snippet:-1, max-image-preview:large, max-video-preview:-1\" \/>\n<link rel=\"canonical\" href=\"https:\/\/getvaticantickets.com\/it\/domande-frequenti\/\" \/>\n<meta property=\"og:locale\" content=\"it_IT\" \/>\n<meta property=\"og:type\" content=\"article\" \/>\n<meta property=\"og:title\" content=\"Domande Frequenti | Rome by Segway\" \/>\n<meta property=\"og:description\" content=\"[wonderplugin_gallery id=&#8221;2&#8243;]Per usufruire dei nostri tour in segway bisogna soddisfare i seguenti requisiti: Il cliente non deve pesare di pi\u00f9 di 113 chili e non meno di 45 kg. I piloti devono essere abili a salire e scendere facilmente e rapidamente il Segway senza assistenza, come nel salire e scendere le scale senza l\u2019ausilio di\" \/>\n<meta property=\"og:url\" content=\"https:\/\/getvaticantickets.com\/it\/domande-frequenti\/\" \/>\n<meta property=\"og:site_name\" content=\"GetVaticanTickets\" \/>\n<meta property=\"article:publisher\" content=\"http:\/\/www.facebook.com\/pages\/Rome-by-Segway\/134278436595343\" \/>\n<meta property=\"article:modified_time\" content=\"2016-05-01T03:53:26+00:00\" \/>\n<meta name=\"twitter:card\" content=\"summary_large_image\" \/>\n<meta name=\"twitter:site\" content=\"@RomeBySegwayRBS\" \/>\n<meta name=\"twitter:label1\" content=\"Est. reading time\" \/>\n\t<meta name=\"twitter:data1\" content=\"1 minuto\" \/>\n<script type=\"application\/ld+json\" class=\"yoast-schema-graph\">{\"@context\":\"https:\/\/schema.org\",\"@graph\":[{\"@type\":\"WebPage\",\"@id\":\"https:\/\/getvaticantickets.com\/it\/domande-frequenti\/\",\"url\":\"https:\/\/getvaticantickets.com\/it\/domande-frequenti\/\",\"name\":\"Domande Frequenti | Rome by Segway\",\"isPartOf\":{\"@id\":\"https:\/\/www.getvaticantickets.com\/#website\"},\"datePublished\":\"2016-02-17T11:48:18+00:00\",\"dateModified\":\"2016-05-01T03:53:26+00:00\",\"breadcrumb\":{\"@id\":\"https:\/\/getvaticantickets.com\/it\/domande-frequenti\/#breadcrumb\"},\"inLanguage\":\"it-IT\",\"potentialAction\":[{\"@type\":\"ReadAction\",\"target\":[\"https:\/\/getvaticantickets.com\/it\/domande-frequenti\/\"]}]},{\"@type\":\"BreadcrumbList\",\"@id\":\"https:\/\/getvaticantickets.com\/it\/domande-frequenti\/#breadcrumb\",\"itemListElement\":[{\"@type\":\"ListItem\",\"position\":1,\"name\":\"Home\",\"item\":\"https:\/\/getvaticantickets.com\/it\/\"},{\"@type\":\"ListItem\",\"position\":2,\"name\":\"Domande Frequenti\"}]},{\"@type\":\"WebSite\",\"@id\":\"https:\/\/www.getvaticantickets.com\/#website\",\"url\":\"https:\/\/www.getvaticantickets.com\/\",\"name\":\"GetVaticanTickets\",\"description\":\"The Best Vatican Museums Tours and Tickets\",\"publisher\":{\"@id\":\"https:\/\/www.getvaticantickets.com\/#organization\"},\"potentialAction\":[{\"@type\":\"SearchAction\",\"target\":{\"@type\":\"EntryPoint\",\"urlTemplate\":\"https:\/\/www.getvaticantickets.com\/?s={search_term_string}\"},\"query-input\":\"required name=search_term_string\"}],\"inLanguage\":\"it-IT\"},{\"@type\":\"Organization\",\"@id\":\"https:\/\/www.getvaticantickets.com\/#organization\",\"name\":\"GetVaticanTickets\",\"url\":\"https:\/\/www.getvaticantickets.com\/\",\"logo\":{\"@type\":\"ImageObject\",\"inLanguage\":\"it-IT\",\"@id\":\"https:\/\/www.getvaticantickets.com\/#\/schema\/logo\/image\/\",\"url\":\"https:\/\/getvaticantickets.com\/wp-content\/uploads\/2022\/12\/GetTours-LogoEND8-1.png\",\"contentUrl\":\"https:\/\/getvaticantickets.com\/wp-content\/uploads\/2022\/12\/GetTours-LogoEND8-1.png\",\"width\":749,\"height\":296,\"caption\":\"GetVaticanTickets\"},\"image\":{\"@id\":\"https:\/\/www.getvaticantickets.com\/#\/schema\/logo\/image\/\"},\"sameAs\":[\"http:\/\/instagram.com\/romebysegway\",\"http:\/\/www.linkedin.com\/company\/2970045?trk=tyah\",\"http:\/\/pinterest.com\/romebysegwayrbs\/\",\"https:\/\/www.youtube.com\/user\/segwayrome\",\"http:\/\/www.facebook.com\/pages\/Rome-by-Segway\/134278436595343\",\"https:\/\/twitter.com\/RomeBySegwayRBS\"]}]}<\/script>\n<!-- \/ Yoast SEO plugin. -->","yoast_head_json":{"title":"Domande Frequenti | Rome by Segway","robots":{"index":"index","follow":"follow","max-snippet":"max-snippet:-1","max-image-preview":"max-image-preview:large","max-video-preview":"max-video-preview:-1"},"canonical":"https:\/\/getvaticantickets.com\/it\/domande-frequenti\/","og_locale":"it_IT","og_type":"article","og_title":"Domande Frequenti | Rome by Segway","og_description":"[wonderplugin_gallery id=&#8221;2&#8243;]Per usufruire dei nostri tour in segway bisogna soddisfare i seguenti requisiti: Il cliente non deve pesare di pi\u00f9 di 113 chili e non meno di 45 kg. I piloti devono essere abili a salire e scendere facilmente e rapidamente il Segway senza assistenza, come nel salire e scendere le scale senza l\u2019ausilio di","og_url":"https:\/\/getvaticantickets.com\/it\/domande-frequenti\/","og_site_name":"GetVaticanTickets","article_publisher":"http:\/\/www.facebook.com\/pages\/Rome-by-Segway\/134278436595343","article_modified_time":"2016-05-01T03:53:26+00:00","twitter_card":"summary_large_image","twitter_site":"@RomeBySegwayRBS","twitter_misc":{"Est. reading time":"1 minuto"},"schema":{"@context":"https:\/\/schema.org","@graph":[{"@type":"WebPage","@id":"https:\/\/getvaticantickets.com\/it\/domande-frequenti\/","url":"https:\/\/getvaticantickets.com\/it\/domande-frequenti\/","name":"Domande Frequenti | Rome by Segway","isPartOf":{"@id":"https:\/\/www.getvaticantickets.com\/#website"},"datePublished":"2016-02-17T11:48:18+00:00","dateModified":"2016-05-01T03:53:26+00:00","breadcrumb":{"@id":"https:\/\/getvaticantickets.com\/it\/domande-frequenti\/#breadcrumb"},"inLanguage":"it-IT","potentialAction":[{"@type":"ReadAction","target":["https:\/\/getvaticantickets.com\/it\/domande-frequenti\/"]}]},{"@type":"BreadcrumbList","@id":"https:\/\/getvaticantickets.com\/it\/domande-frequenti\/#breadcrumb","itemListElement":[{"@type":"ListItem","position":1,"name":"Home","item":"https:\/\/getvaticantickets.com\/it\/"},{"@type":"ListItem","position":2,"name":"Domande Frequenti"}]},{"@type":"WebSite","@id":"https:\/\/www.getvaticantickets.com\/#website","url":"https:\/\/www.getvaticantickets.com\/","name":"GetVaticanTickets","description":"The Best Vatican Museums Tours and Tickets","publisher":{"@id":"https:\/\/www.getvaticantickets.com\/#organization"},"potentialAction":[{"@type":"SearchAction","target":{"@type":"EntryPoint","urlTemplate":"https:\/\/www.getvaticantickets.com\/?s={search_term_string}"},"query-input":"required name=search_term_string"}],"inLanguage":"it-IT"},{"@type":"Organization","@id":"https:\/\/www.getvaticantickets.com\/#organization","name":"GetVaticanTickets","url":"https:\/\/www.getvaticantickets.com\/","logo":{"@type":"ImageObject","inLanguage":"it-IT","@id":"https:\/\/www.getvaticantickets.com\/#\/schema\/logo\/image\/","url":"https:\/\/getvaticantickets.com\/wp-content\/uploads\/2022\/12\/GetTours-LogoEND8-1.png","contentUrl":"https:\/\/getvaticantickets.com\/wp-content\/uploads\/2022\/12\/GetTours-LogoEND8-1.png","width":749,"height":296,"caption":"GetVaticanTickets"},"image":{"@id":"https:\/\/www.getvaticantickets.com\/#\/schema\/logo\/image\/"},"sameAs":["http:\/\/instagram.com\/romebysegway","http:\/\/www.linkedin.com\/company\/2970045?trk=tyah","http:\/\/pinterest.com\/romebysegwayrbs\/","https:\/\/www.youtube.com\/user\/segwayrome","http:\/\/www.facebook.com\/pages\/Rome-by-Segway\/134278436595343","https:\/\/twitter.com\/RomeBySegwayRBS"]}]}},"acf":[],"_links":{"self":[{"href":"https:\/\/getvaticantickets.com\/it\/wp-json\/wp\/v2\/pages\/4680"}],"collection":[{"href":"https:\/\/getvaticantickets.com\/it\/wp-json\/wp\/v2\/pages"}],"about":[{"href":"https:\/\/getvaticantickets.com\/it\/wp-json\/wp\/v2\/types\/page"}],"author":[{"embeddable":true,"href":"https:\/\/getvaticantickets.com\/it\/wp-json\/wp\/v2\/users\/1"}],"replies":[{"embeddable":true,"href":"https:\/\/getvaticantickets.com\/it\/wp-json\/wp\/v2\/comments?post=4680"}],"version-history":[{"count":4,"href":"https:\/\/getvaticantickets.com\/it\/wp-json\/wp\/v2\/pages\/4680\/revisions"}],"predecessor-version":[{"id":5031,"href":"https:\/\/getvaticantickets.com\/it\/wp-json\/wp\/v2\/pages\/4680\/revisions\/5031"}],"wp:attachment":[{"href":"https:\/\/getvaticantickets.com\/it\/wp-json\/wp\/v2\/media?parent=4680"}],"curies":[{"name":"wp","href":"https:\/\/api.w.org\/{rel}","templated":true}]}}